{"id":22611,"date":"2025-01-26T20:30:23","date_gmt":"2025-01-26T18:30:23","guid":{"rendered":"https:\/\/cryptrz.org\/wordpress\/?page_id=22611"},"modified":"2025-08-17T20:28:07","modified_gmt":"2025-08-17T18:28:07","slug":"macro-photographie","status":"publish","type":"page","link":"https:\/\/cryptrz.org\/wordpress\/macro-photographie\/","title":{"rendered":"Macro-photographie"},"content":{"rendered":"\n<p>Le but de cette page sera de comprendre l&rsquo;aspect scientifique des petites choses qu&rsquo;on ignore au quotidien.<\/p>\n\n\n\n<h2 class=\"wp-block-heading\">Andreaeopsida<\/h2>\n\n\n\n<p>Photos prises au Luxembourg sur le Chemin de la Corniche. Il s&rsquo;agit de mouse de la famille des <a href=\"https:\/\/fr.wikipedia.org\/wiki\/Andreaeopsida\" target=\"_blank\" rel=\"noreferrer noopener\">Andreaeopsida<\/a>, qui se d\u00e9veloppent sur des roches siliceuses et se trouvent principalement dans des climats plus froids, comme \u00e0 des altitudes \u00e9lev\u00e9es. Ces esp\u00e8ces, souvent de couleur noir\u00e2tre \u00e0 brun rouge\u00e2tre, forment des touffes courtes et fragiles, et leur <a href=\"https:\/\/fr.wikipedia.org\/wiki\/Protonema\" target=\"_blank\" rel=\"noreferrer noopener\">proton\u00e8me<\/a> est <a href=\"https:\/\/fr.wikipedia.org\/wiki\/Marchantiopsida\" target=\"_blank\" rel=\"noreferrer noopener\">thallo\u00efde<\/a>. Une caract\u00e9ristique unique de cette classe est la structure du <a href=\"https:\/\/fr.wikipedia.org\/wiki\/Sporange\" target=\"_blank\" rel=\"noreferrer noopener\">sporange<\/a>, qui poss\u00e8de plusieurs lignes de <a href=\"https:\/\/fr.wikipedia.org\/wiki\/D%C3%A9hiscence_(botanique)\" target=\"_blank\" rel=\"noreferrer noopener\">d\u00e9hiscence<\/a>, permettant une dispersion prolong\u00e9e des spores dans des conditions optimales. <\/p>\n\n\n\n<figure class=\"wp-block-gallery has-nested-images columns-default is-cropped wp-block-gallery-1 is-layout-flex wp-block-gallery-is-layout-flex\">\n<figure class=\"wp-block-image size-large\"><img loading=\"lazy\" decoding=\"async\" width=\"473\" height=\"1024\" data-id=\"23421\" src=\"https:\/\/cryptrz.org\/wordpress\/wp-content\/uploads\/2025\/02\/Andreaeopsida1-1-473x1024.jpg\" alt=\"\" class=\"wp-image-23421\" srcset=\"https:\/\/cryptrz.org\/wordpress\/wp-content\/uploads\/2025\/02\/Andreaeopsida1-1-473x1024.jpg 473w, https:\/\/cryptrz.org\/wordpress\/wp-content\/uploads\/2025\/02\/Andreaeopsida1-1-139x300.jpg 139w, https:\/\/cryptrz.org\/wordpress\/wp-content\/uploads\/2025\/02\/Andreaeopsida1-1-768x1662.jpg 768w, https:\/\/cryptrz.org\/wordpress\/wp-content\/uploads\/2025\/02\/Andreaeopsida1-1-710x1536.jpg 710w, https:\/\/cryptrz.org\/wordpress\/wp-content\/uploads\/2025\/02\/Andreaeopsida1-1-946x2048.jpg 946w, https:\/\/cryptrz.org\/wordpress\/wp-content\/uploads\/2025\/02\/Andreaeopsida1-1-scaled.jpg 1183w\" sizes=\"auto, (max-width: 473px) 100vw, 473px\" \/><\/figure>\n\n\n\n<figure class=\"wp-block-image size-large\"><img loading=\"lazy\" decoding=\"async\" width=\"473\" height=\"1024\" data-id=\"23425\" src=\"https:\/\/cryptrz.org\/wordpress\/wp-content\/uploads\/2025\/02\/Andreaeopsida3-2-473x1024.jpg\" alt=\"\" class=\"wp-image-23425\" srcset=\"https:\/\/cryptrz.org\/wordpress\/wp-content\/uploads\/2025\/02\/Andreaeopsida3-2-473x1024.jpg 473w, https:\/\/cryptrz.org\/wordpress\/wp-content\/uploads\/2025\/02\/Andreaeopsida3-2-139x300.jpg 139w, https:\/\/cryptrz.org\/wordpress\/wp-content\/uploads\/2025\/02\/Andreaeopsida3-2-768x1662.jpg 768w, https:\/\/cryptrz.org\/wordpress\/wp-content\/uploads\/2025\/02\/Andreaeopsida3-2-710x1536.jpg 710w, https:\/\/cryptrz.org\/wordpress\/wp-content\/uploads\/2025\/02\/Andreaeopsida3-2-946x2048.jpg 946w, https:\/\/cryptrz.org\/wordpress\/wp-content\/uploads\/2025\/02\/Andreaeopsida3-2-scaled.jpg 1183w\" sizes=\"auto, (max-width: 473px) 100vw, 473px\" \/><\/figure>\n<\/figure>\n\n\n\n<h2 class=\"wp-block-heading\">Gerbera<\/h2>\n\n\n\n<p>La <a href=\"https:\/\/fr.wikipedia.org\/wiki\/Gerbera\" target=\"_blank\" rel=\"noreferrer noopener\">gerbera<\/a> est une plante \u00e0 fleur d&rsquo;int\u00e9rieur, bien qu&rsquo; \u00e0 premi\u00e8re vue elle ressemble \u00ab\u00a0juste\u00a0\u00bb \u00e0 une fleur, ce qui est typique de la famille des <a href=\"https:\/\/fr.wikipedia.org\/wiki\/Asteraceae\">ast\u00e9rac\u00e9es<\/a>. Son nom est un hommage au docteur est botaniste allemand <a href=\"https:\/\/www.jardiner-malin.fr\/fiche\/gerbera.html\" target=\"_blank\" rel=\"noreferrer noopener\">Traugott Gerber<\/a>. <\/p>\n\n\n\n<figure class=\"wp-block-gallery has-nested-images columns-default is-cropped wp-block-gallery-2 is-layout-flex wp-block-gallery-is-layout-flex\">\n<figure class=\"wp-block-image size-large\"><img loading=\"lazy\" decoding=\"async\" width=\"473\" height=\"1024\" data-id=\"23391\" src=\"https:\/\/cryptrz.org\/wordpress\/wp-content\/uploads\/2025\/02\/gerbera1-473x1024.jpg\" alt=\"\" class=\"wp-image-23391\" srcset=\"https:\/\/cryptrz.org\/wordpress\/wp-content\/uploads\/2025\/02\/gerbera1-473x1024.jpg 473w, https:\/\/cryptrz.org\/wordpress\/wp-content\/uploads\/2025\/02\/gerbera1-139x300.jpg 139w, https:\/\/cryptrz.org\/wordpress\/wp-content\/uploads\/2025\/02\/gerbera1-768x1662.jpg 768w, https:\/\/cryptrz.org\/wordpress\/wp-content\/uploads\/2025\/02\/gerbera1-710x1536.jpg 710w, https:\/\/cryptrz.org\/wordpress\/wp-content\/uploads\/2025\/02\/gerbera1-946x2048.jpg 946w, https:\/\/cryptrz.org\/wordpress\/wp-content\/uploads\/2025\/02\/gerbera1-scaled.jpg 1183w\" sizes=\"auto, (max-width: 473px) 100vw, 473px\" \/><\/figure>\n\n\n\n<figure class=\"wp-block-image size-large\"><img loading=\"lazy\" decoding=\"async\" width=\"473\" height=\"1024\" data-id=\"23390\" src=\"https:\/\/cryptrz.org\/wordpress\/wp-content\/uploads\/2025\/02\/gerbera2-473x1024.jpg\" alt=\"\" class=\"wp-image-23390\" srcset=\"https:\/\/cryptrz.org\/wordpress\/wp-content\/uploads\/2025\/02\/gerbera2-473x1024.jpg 473w, https:\/\/cryptrz.org\/wordpress\/wp-content\/uploads\/2025\/02\/gerbera2-139x300.jpg 139w, https:\/\/cryptrz.org\/wordpress\/wp-content\/uploads\/2025\/02\/gerbera2-768x1662.jpg 768w, https:\/\/cryptrz.org\/wordpress\/wp-content\/uploads\/2025\/02\/gerbera2-710x1536.jpg 710w, https:\/\/cryptrz.org\/wordpress\/wp-content\/uploads\/2025\/02\/gerbera2-946x2048.jpg 946w, https:\/\/cryptrz.org\/wordpress\/wp-content\/uploads\/2025\/02\/gerbera2-scaled.jpg 1183w\" sizes=\"auto, (max-width: 473px) 100vw, 473px\" \/><\/figure>\n<\/figure>\n\n\n\n<h2 class=\"wp-block-heading\">Ranunculus<\/h2>\n\n\n\n<p>La <a href=\"https:\/\/www.snhf.org\/fiche-plante\/renoncule-des-jardins\/\" target=\"_blank\" rel=\"noreferrer noopener\">ranunculus<\/a>, ou <a href=\"https:\/\/fr.wikipedia.org\/wiki\/Renoncule\" target=\"_blank\" rel=\"noreferrer noopener\">renoncule<\/a> pour de son petit nom frenchy, est un genre de plantes \u00e0 fleurs comptant environ 500 esp\u00e8ces, appartenant \u00e0 la famille des <a href=\"https:\/\/fr.wikipedia.org\/wiki\/Ranunculaceae\" target=\"_blank\" rel=\"noreferrer noopener\">Renonculac\u00e9es<\/a>, incluant les renoncules asiatiques souvent utilis\u00e9es en horticulture. Originaire du bassin m\u00e9diterran\u00e9en, cette plante vivace tub\u00e9reuse atteint entre 30 et 60 cm de hauteur et produit des fleurs spectaculaires, semblables \u00e0 des roses, dans une large gamme de couleurs comme, entre autres, le rouge, le jaune et le rose. Sur ces quelques clich\u00e9s on peut y voir le pollen abondant, Fun fact (ou pas), cette fleur \u00e0 la capacit\u00e9 \u00e0 produire une substance toxique appel\u00e9e <a href=\"https:\/\/fr.wikipedia.org\/wiki\/Proto-an%C3%A9monine\" target=\"_blank\" rel=\"noreferrer noopener\">protoan\u00e9monine<\/a>. Cette <a href=\"https:\/\/fr.wikipedia.org\/wiki\/Toxine\" target=\"_blank\" rel=\"noreferrer noopener\">toxine<\/a> se forme lorsque la plante est endommag\u00e9e ou \u00e9cras\u00e9e, et peut provoquer des irritations cutan\u00e9es, des cloques, et m\u00eame des effets plus graves en cas d&rsquo;ingestion.<\/p>\n\n\n\n<figure class=\"wp-block-gallery has-nested-images columns-default is-cropped wp-block-gallery-3 is-layout-flex wp-block-gallery-is-layout-flex\">\n<figure class=\"wp-block-image size-large\"><img loading=\"lazy\" decoding=\"async\" width=\"473\" height=\"1024\" data-id=\"23386\" src=\"https:\/\/cryptrz.org\/wordpress\/wp-content\/uploads\/2025\/02\/Ranunculus1-1-473x1024.jpg\" alt=\"\" class=\"wp-image-23386\" srcset=\"https:\/\/cryptrz.org\/wordpress\/wp-content\/uploads\/2025\/02\/Ranunculus1-1-473x1024.jpg 473w, https:\/\/cryptrz.org\/wordpress\/wp-content\/uploads\/2025\/02\/Ranunculus1-1-139x300.jpg 139w, https:\/\/cryptrz.org\/wordpress\/wp-content\/uploads\/2025\/02\/Ranunculus1-1-768x1662.jpg 768w, https:\/\/cryptrz.org\/wordpress\/wp-content\/uploads\/2025\/02\/Ranunculus1-1-710x1536.jpg 710w, https:\/\/cryptrz.org\/wordpress\/wp-content\/uploads\/2025\/02\/Ranunculus1-1-946x2048.jpg 946w, https:\/\/cryptrz.org\/wordpress\/wp-content\/uploads\/2025\/02\/Ranunculus1-1-scaled.jpg 1183w\" sizes=\"auto, (max-width: 473px) 100vw, 473px\" \/><\/figure>\n\n\n\n<figure class=\"wp-block-image size-large\"><img loading=\"lazy\" decoding=\"async\" width=\"473\" height=\"1024\" data-id=\"23387\" src=\"https:\/\/cryptrz.org\/wordpress\/wp-content\/uploads\/2025\/02\/Ranunculus2-1-473x1024.jpg\" alt=\"\" class=\"wp-image-23387\" srcset=\"https:\/\/cryptrz.org\/wordpress\/wp-content\/uploads\/2025\/02\/Ranunculus2-1-473x1024.jpg 473w, https:\/\/cryptrz.org\/wordpress\/wp-content\/uploads\/2025\/02\/Ranunculus2-1-139x300.jpg 139w, https:\/\/cryptrz.org\/wordpress\/wp-content\/uploads\/2025\/02\/Ranunculus2-1-768x1662.jpg 768w, https:\/\/cryptrz.org\/wordpress\/wp-content\/uploads\/2025\/02\/Ranunculus2-1-710x1536.jpg 710w, https:\/\/cryptrz.org\/wordpress\/wp-content\/uploads\/2025\/02\/Ranunculus2-1-946x2048.jpg 946w, https:\/\/cryptrz.org\/wordpress\/wp-content\/uploads\/2025\/02\/Ranunculus2-1-scaled.jpg 1183w\" sizes=\"auto, (max-width: 473px) 100vw, 473px\" \/><\/figure>\n<\/figure>\n\n\n\n<figure class=\"wp-block-gallery has-nested-images columns-default is-cropped wp-block-gallery-4 is-layout-flex wp-block-gallery-is-layout-flex\">\n<figure class=\"wp-block-image size-large\"><img loading=\"lazy\" decoding=\"async\" width=\"473\" height=\"1024\" data-id=\"23388\" src=\"https:\/\/cryptrz.org\/wordpress\/wp-content\/uploads\/2025\/02\/Ranunculus4-1-473x1024.jpg\" alt=\"\" class=\"wp-image-23388\" srcset=\"https:\/\/cryptrz.org\/wordpress\/wp-content\/uploads\/2025\/02\/Ranunculus4-1-473x1024.jpg 473w, https:\/\/cryptrz.org\/wordpress\/wp-content\/uploads\/2025\/02\/Ranunculus4-1-139x300.jpg 139w, https:\/\/cryptrz.org\/wordpress\/wp-content\/uploads\/2025\/02\/Ranunculus4-1-768x1662.jpg 768w, https:\/\/cryptrz.org\/wordpress\/wp-content\/uploads\/2025\/02\/Ranunculus4-1-710x1536.jpg 710w, https:\/\/cryptrz.org\/wordpress\/wp-content\/uploads\/2025\/02\/Ranunculus4-1-946x2048.jpg 946w, https:\/\/cryptrz.org\/wordpress\/wp-content\/uploads\/2025\/02\/Ranunculus4-1-scaled.jpg 1183w\" sizes=\"auto, (max-width: 473px) 100vw, 473px\" \/><\/figure>\n\n\n\n<figure class=\"wp-block-image size-large\"><img loading=\"lazy\" decoding=\"async\" width=\"473\" height=\"1024\" data-id=\"23389\" src=\"https:\/\/cryptrz.org\/wordpress\/wp-content\/uploads\/2025\/02\/Ranunculus3-1-473x1024.jpg\" alt=\"\" class=\"wp-image-23389\" srcset=\"https:\/\/cryptrz.org\/wordpress\/wp-content\/uploads\/2025\/02\/Ranunculus3-1-473x1024.jpg 473w, https:\/\/cryptrz.org\/wordpress\/wp-content\/uploads\/2025\/02\/Ranunculus3-1-139x300.jpg 139w, https:\/\/cryptrz.org\/wordpress\/wp-content\/uploads\/2025\/02\/Ranunculus3-1-768x1662.jpg 768w, https:\/\/cryptrz.org\/wordpress\/wp-content\/uploads\/2025\/02\/Ranunculus3-1-710x1536.jpg 710w, https:\/\/cryptrz.org\/wordpress\/wp-content\/uploads\/2025\/02\/Ranunculus3-1-946x2048.jpg 946w, https:\/\/cryptrz.org\/wordpress\/wp-content\/uploads\/2025\/02\/Ranunculus3-1-scaled.jpg 1183w\" sizes=\"auto, (max-width: 473px) 100vw, 473px\" \/><\/figure>\n<\/figure>\n\n\n\n<p><\/p>\n\n\n\n<h2 class=\"wp-block-heading\">R\u00e9sistance CMS<\/h2>\n\n\n\n<p>Vue en gros plan d&rsquo;une <a href=\"https:\/\/www.pcbasic.com\/fr\/blog\/smd_resistors.html\" target=\"_blank\" rel=\"noreferrer noopener\">r\u00e9sistance CMS<\/a> sur laquelle est \u00e9crit 2R2 (composant mont\u00e9 en surface, ou SMD) de faible valeur. Le marquage \u00ab\u00a02R2\u00a0\u00bb signifie que la r\u00e9sistance a une valeur de 2,2\u03a9 (ohms).<br><\/p>\n\n\n\n<p>Dans le <a href=\"https:\/\/www.positron-libre.com\/cours\/electronique\/resistances\/marquage-resistance-cms.php\" target=\"_blank\" rel=\"noreferrer noopener\">code de marquage SMD<\/a>, la lettre \u00ab\u00a0R\u00a0\u00bb remplace la virgule d\u00e9cimale. \u00c0 savoir\u202f:<\/p>\n\n\n\n<ul class=\"wp-block-list\">\n<li>\u00ab\u00a02R2\u00a0\u00bb = 2,2\u03a9<\/li>\n\n\n\n<li>\u00ab\u00a0R10\u00a0\u00bb = 0,10\u03a9<\/li>\n\n\n\n<li>\u00ab\u00a010R\u00a0\u00bb = 10\u03a9<\/li>\n<\/ul>\n\n\n\n<p>Ce type de composant est couramment utilis\u00e9 dans les circuits \u00e9lectroniques pour limiter le courant, ajuster les tensions, ou dissiper de la puissance.<\/p>\n\n\n\n<div class=\"wp-block-columns is-layout-flex wp-container-core-columns-is-layout-9d6595d7 wp-block-columns-is-layout-flex\">\n<div class=\"wp-block-column is-layout-flow wp-block-column-is-layout-flow\">\n<figure class=\"wp-block-image size-large\"><img loading=\"lazy\" decoding=\"async\" width=\"473\" height=\"1024\" src=\"https:\/\/cryptrz.org\/wordpress\/wp-content\/uploads\/2025\/08\/USB-key-CMS-473x1024.jpg\" alt=\"\" class=\"wp-image-42212\" srcset=\"https:\/\/cryptrz.org\/wordpress\/wp-content\/uploads\/2025\/08\/USB-key-CMS-473x1024.jpg 473w, https:\/\/cryptrz.org\/wordpress\/wp-content\/uploads\/2025\/08\/USB-key-CMS-139x300.jpg 139w, https:\/\/cryptrz.org\/wordpress\/wp-content\/uploads\/2025\/08\/USB-key-CMS-768x1662.jpg 768w, https:\/\/cryptrz.org\/wordpress\/wp-content\/uploads\/2025\/08\/USB-key-CMS-710x1536.jpg 710w, https:\/\/cryptrz.org\/wordpress\/wp-content\/uploads\/2025\/08\/USB-key-CMS-946x2048.jpg 946w, https:\/\/cryptrz.org\/wordpress\/wp-content\/uploads\/2025\/08\/USB-key-CMS-scaled.jpg 1183w\" sizes=\"auto, (max-width: 473px) 100vw, 473px\" \/><\/figure>\n<\/div>\n\n\n\n<div class=\"wp-block-column is-layout-flow wp-block-column-is-layout-flow\">\n<figure class=\"wp-block-image size-large\"><img loading=\"lazy\" decoding=\"async\" width=\"473\" height=\"1024\" src=\"https:\/\/cryptrz.org\/wordpress\/wp-content\/uploads\/2025\/08\/USB-key-CMS-resistance-473x1024.jpg\" alt=\"\" class=\"wp-image-42213\" srcset=\"https:\/\/cryptrz.org\/wordpress\/wp-content\/uploads\/2025\/08\/USB-key-CMS-resistance-473x1024.jpg 473w, https:\/\/cryptrz.org\/wordpress\/wp-content\/uploads\/2025\/08\/USB-key-CMS-resistance-139x300.jpg 139w, https:\/\/cryptrz.org\/wordpress\/wp-content\/uploads\/2025\/08\/USB-key-CMS-resistance-768x1662.jpg 768w, https:\/\/cryptrz.org\/wordpress\/wp-content\/uploads\/2025\/08\/USB-key-CMS-resistance-710x1536.jpg 710w, https:\/\/cryptrz.org\/wordpress\/wp-content\/uploads\/2025\/08\/USB-key-CMS-resistance-946x2048.jpg 946w, https:\/\/cryptrz.org\/wordpress\/wp-content\/uploads\/2025\/08\/USB-key-CMS-resistance-scaled.jpg 1183w\" sizes=\"auto, (max-width: 473px) 100vw, 473px\" \/><\/figure>\n<\/div>\n<\/div>\n","protected":false},"excerpt":{"rendered":"<p>Le but de cette page sera de comprendre l&rsquo;aspect scientifique des petites choses qu&rsquo;on ignore au quotidien. Andreaeopsida Photos prises au Luxembourg sur le Chemin de la Corniche. Il s&rsquo;agit<a href=\"https:\/\/cryptrz.org\/wordpress\/macro-photographie\/\" class=\"more-link\"><span class=\"readmore\">Continue reading<span class=\"screen-reader-text\">Macro-photographie<\/span><\/span><\/a><\/p>\n","protected":false},"author":1,"featured_media":0,"parent":0,"menu_order":0,"comment_status":"closed","ping_status":"closed","template":"","meta":{"jetpack_post_was_ever_published":false,"footnotes":""},"class_list":["post-22611","page","type-page","status-publish","hentry"],"yoast_head":"<!-- This site is optimized with the Yoast SEO plugin v27.4 - https:\/\/yoast.com\/product\/yoast-seo-wordpress\/ -->\n<title>Macro-photographie &#8226; Cryptrz<\/title>\n<meta name=\"robots\" content=\"index, follow, max-snippet:-1, max-image-preview:large, max-video-preview:-1\" \/>\n<link rel=\"canonical\" href=\"https:\/\/cryptrz.org\/wordpress\/macro-photographie\/\" \/>\n<meta property=\"og:locale\" content=\"fr_FR\" \/>\n<meta property=\"og:type\" content=\"article\" \/>\n<meta property=\"og:title\" content=\"Macro-photographie &#8226; Cryptrz\" \/>\n<meta property=\"og:description\" content=\"Le but de cette page sera de comprendre l&rsquo;aspect scientifique des petites choses qu&rsquo;on ignore au quotidien. Andreaeopsida Photos prises au Luxembourg sur le Chemin de la Corniche. Il s&rsquo;agitContinue readingMacro-photographie\" \/>\n<meta property=\"og:url\" content=\"https:\/\/cryptrz.org\/wordpress\/macro-photographie\/\" \/>\n<meta property=\"og:site_name\" content=\"Cryptrz\" \/>\n<meta property=\"article:modified_time\" content=\"2025-08-17T18:28:07+00:00\" \/>\n<meta property=\"og:image\" content=\"https:\/\/cryptrz.org\/wordpress\/wp-content\/uploads\/2025\/02\/Andreaeopsida1-1-scaled.jpg\" \/>\n\t<meta property=\"og:image:width\" content=\"1183\" \/>\n\t<meta property=\"og:image:height\" content=\"2560\" \/>\n\t<meta property=\"og:image:type\" content=\"image\/jpeg\" \/>\n<meta name=\"twitter:card\" content=\"summary_large_image\" \/>\n<meta name=\"twitter:label1\" content=\"Dur\u00e9e de lecture estim\u00e9e\" \/>\n\t<meta name=\"twitter:data1\" content=\"4 minutes\" \/>\n<script type=\"application\/ld+json\" class=\"yoast-schema-graph\">{\"@context\":\"https:\\\/\\\/schema.org\",\"@graph\":[{\"@type\":\"WebPage\",\"@id\":\"https:\\\/\\\/cryptrz.org\\\/wordpress\\\/macro-photographie\\\/\",\"url\":\"https:\\\/\\\/cryptrz.org\\\/wordpress\\\/macro-photographie\\\/\",\"name\":\"Macro-photographie &#8226; Cryptrz\",\"isPartOf\":{\"@id\":\"https:\\\/\\\/cryptrz.org\\\/wordpress\\\/#website\"},\"primaryImageOfPage\":{\"@id\":\"https:\\\/\\\/cryptrz.org\\\/wordpress\\\/macro-photographie\\\/#primaryimage\"},\"image\":{\"@id\":\"https:\\\/\\\/cryptrz.org\\\/wordpress\\\/macro-photographie\\\/#primaryimage\"},\"thumbnailUrl\":\"https:\\\/\\\/cryptrz.org\\\/wordpress\\\/wp-content\\\/uploads\\\/2025\\\/02\\\/Andreaeopsida1-1-473x1024.jpg\",\"datePublished\":\"2025-01-26T18:30:23+00:00\",\"dateModified\":\"2025-08-17T18:28:07+00:00\",\"breadcrumb\":{\"@id\":\"https:\\\/\\\/cryptrz.org\\\/wordpress\\\/macro-photographie\\\/#breadcrumb\"},\"inLanguage\":\"fr-FR\",\"potentialAction\":[{\"@type\":\"ReadAction\",\"target\":[\"https:\\\/\\\/cryptrz.org\\\/wordpress\\\/macro-photographie\\\/\"]}]},{\"@type\":\"ImageObject\",\"inLanguage\":\"fr-FR\",\"@id\":\"https:\\\/\\\/cryptrz.org\\\/wordpress\\\/macro-photographie\\\/#primaryimage\",\"url\":\"https:\\\/\\\/cryptrz.org\\\/wordpress\\\/wp-content\\\/uploads\\\/2025\\\/02\\\/Andreaeopsida1-1-scaled.jpg\",\"contentUrl\":\"https:\\\/\\\/cryptrz.org\\\/wordpress\\\/wp-content\\\/uploads\\\/2025\\\/02\\\/Andreaeopsida1-1-scaled.jpg\",\"width\":1183,\"height\":2560},{\"@type\":\"BreadcrumbList\",\"@id\":\"https:\\\/\\\/cryptrz.org\\\/wordpress\\\/macro-photographie\\\/#breadcrumb\",\"itemListElement\":[{\"@type\":\"ListItem\",\"position\":1,\"name\":\"Accueil\",\"item\":\"https:\\\/\\\/cryptrz.org\\\/wordpress\\\/\"},{\"@type\":\"ListItem\",\"position\":2,\"name\":\"Macro-photographie\"}]},{\"@type\":\"WebSite\",\"@id\":\"https:\\\/\\\/cryptrz.org\\\/wordpress\\\/#website\",\"url\":\"https:\\\/\\\/cryptrz.org\\\/wordpress\\\/\",\"name\":\"Cryptrz\",\"description\":\"Franck Ridel\",\"publisher\":{\"@id\":\"https:\\\/\\\/cryptrz.org\\\/wordpress\\\/#\\\/schema\\\/person\\\/24ebe8f2cc302fa3336ab7509a09b7ec\"},\"alternateName\":\"Franck Ridel\",\"potentialAction\":[{\"@type\":\"SearchAction\",\"target\":{\"@type\":\"EntryPoint\",\"urlTemplate\":\"https:\\\/\\\/cryptrz.org\\\/wordpress\\\/?s={search_term_string}\"},\"query-input\":{\"@type\":\"PropertyValueSpecification\",\"valueRequired\":true,\"valueName\":\"search_term_string\"}}],\"inLanguage\":\"fr-FR\"},{\"@type\":[\"Person\",\"Organization\"],\"@id\":\"https:\\\/\\\/cryptrz.org\\\/wordpress\\\/#\\\/schema\\\/person\\\/24ebe8f2cc302fa3336ab7509a09b7ec\",\"name\":\"cryptrz\",\"image\":{\"@type\":\"ImageObject\",\"inLanguage\":\"fr-FR\",\"@id\":\"https:\\\/\\\/cryptrz.org\\\/wordpress\\\/wp-content\\\/uploads\\\/2024\\\/09\\\/cover-design.jpg\",\"url\":\"https:\\\/\\\/cryptrz.org\\\/wordpress\\\/wp-content\\\/uploads\\\/2024\\\/09\\\/cover-design.jpg\",\"contentUrl\":\"https:\\\/\\\/cryptrz.org\\\/wordpress\\\/wp-content\\\/uploads\\\/2024\\\/09\\\/cover-design.jpg\",\"width\":1024,\"height\":1024,\"caption\":\"cryptrz\"},\"logo\":{\"@id\":\"https:\\\/\\\/cryptrz.org\\\/wordpress\\\/wp-content\\\/uploads\\\/2024\\\/09\\\/cover-design.jpg\"},\"description\":\"Sysadmin de Luxembourg House of Cybersecurity fan d'open source et autres Unixeries\",\"sameAs\":[\"https:\\\/\\\/cryptrz.org\\\/wordpress\",\"https:\\\/\\\/www.linkedin.com\\\/in\\\/franck-ridel\\\/\",\"https:\\\/\\\/www.youtube.com\\\/@FranckRidel\",\"https:\\\/\\\/soundcloud.com\\\/franck-ridel-2\"]}]}<\/script>\n<!-- \/ Yoast SEO plugin. -->","yoast_head_json":{"title":"Macro-photographie &#8226; Cryptrz","robots":{"index":"index","follow":"follow","max-snippet":"max-snippet:-1","max-image-preview":"max-image-preview:large","max-video-preview":"max-video-preview:-1"},"canonical":"https:\/\/cryptrz.org\/wordpress\/macro-photographie\/","og_locale":"fr_FR","og_type":"article","og_title":"Macro-photographie &#8226; Cryptrz","og_description":"Le but de cette page sera de comprendre l&rsquo;aspect scientifique des petites choses qu&rsquo;on ignore au quotidien. Andreaeopsida Photos prises au Luxembourg sur le Chemin de la Corniche. Il s&rsquo;agitContinue readingMacro-photographie","og_url":"https:\/\/cryptrz.org\/wordpress\/macro-photographie\/","og_site_name":"Cryptrz","article_modified_time":"2025-08-17T18:28:07+00:00","og_image":[{"width":1183,"height":2560,"url":"https:\/\/cryptrz.org\/wordpress\/wp-content\/uploads\/2025\/02\/Andreaeopsida1-1-scaled.jpg","type":"image\/jpeg"}],"twitter_card":"summary_large_image","twitter_misc":{"Dur\u00e9e de lecture estim\u00e9e":"4 minutes"},"schema":{"@context":"https:\/\/schema.org","@graph":[{"@type":"WebPage","@id":"https:\/\/cryptrz.org\/wordpress\/macro-photographie\/","url":"https:\/\/cryptrz.org\/wordpress\/macro-photographie\/","name":"Macro-photographie &#8226; Cryptrz","isPartOf":{"@id":"https:\/\/cryptrz.org\/wordpress\/#website"},"primaryImageOfPage":{"@id":"https:\/\/cryptrz.org\/wordpress\/macro-photographie\/#primaryimage"},"image":{"@id":"https:\/\/cryptrz.org\/wordpress\/macro-photographie\/#primaryimage"},"thumbnailUrl":"https:\/\/cryptrz.org\/wordpress\/wp-content\/uploads\/2025\/02\/Andreaeopsida1-1-473x1024.jpg","datePublished":"2025-01-26T18:30:23+00:00","dateModified":"2025-08-17T18:28:07+00:00","breadcrumb":{"@id":"https:\/\/cryptrz.org\/wordpress\/macro-photographie\/#breadcrumb"},"inLanguage":"fr-FR","potentialAction":[{"@type":"ReadAction","target":["https:\/\/cryptrz.org\/wordpress\/macro-photographie\/"]}]},{"@type":"ImageObject","inLanguage":"fr-FR","@id":"https:\/\/cryptrz.org\/wordpress\/macro-photographie\/#primaryimage","url":"https:\/\/cryptrz.org\/wordpress\/wp-content\/uploads\/2025\/02\/Andreaeopsida1-1-scaled.jpg","contentUrl":"https:\/\/cryptrz.org\/wordpress\/wp-content\/uploads\/2025\/02\/Andreaeopsida1-1-scaled.jpg","width":1183,"height":2560},{"@type":"BreadcrumbList","@id":"https:\/\/cryptrz.org\/wordpress\/macro-photographie\/#breadcrumb","itemListElement":[{"@type":"ListItem","position":1,"name":"Accueil","item":"https:\/\/cryptrz.org\/wordpress\/"},{"@type":"ListItem","position":2,"name":"Macro-photographie"}]},{"@type":"WebSite","@id":"https:\/\/cryptrz.org\/wordpress\/#website","url":"https:\/\/cryptrz.org\/wordpress\/","name":"Cryptrz","description":"Franck Ridel","publisher":{"@id":"https:\/\/cryptrz.org\/wordpress\/#\/schema\/person\/24ebe8f2cc302fa3336ab7509a09b7ec"},"alternateName":"Franck Ridel","potentialAction":[{"@type":"SearchAction","target":{"@type":"EntryPoint","urlTemplate":"https:\/\/cryptrz.org\/wordpress\/?s={search_term_string}"},"query-input":{"@type":"PropertyValueSpecification","valueRequired":true,"valueName":"search_term_string"}}],"inLanguage":"fr-FR"},{"@type":["Person","Organization"],"@id":"https:\/\/cryptrz.org\/wordpress\/#\/schema\/person\/24ebe8f2cc302fa3336ab7509a09b7ec","name":"cryptrz","image":{"@type":"ImageObject","inLanguage":"fr-FR","@id":"https:\/\/cryptrz.org\/wordpress\/wp-content\/uploads\/2024\/09\/cover-design.jpg","url":"https:\/\/cryptrz.org\/wordpress\/wp-content\/uploads\/2024\/09\/cover-design.jpg","contentUrl":"https:\/\/cryptrz.org\/wordpress\/wp-content\/uploads\/2024\/09\/cover-design.jpg","width":1024,"height":1024,"caption":"cryptrz"},"logo":{"@id":"https:\/\/cryptrz.org\/wordpress\/wp-content\/uploads\/2024\/09\/cover-design.jpg"},"description":"Sysadmin de Luxembourg House of Cybersecurity fan d'open source et autres Unixeries","sameAs":["https:\/\/cryptrz.org\/wordpress","https:\/\/www.linkedin.com\/in\/franck-ridel\/","https:\/\/www.youtube.com\/@FranckRidel","https:\/\/soundcloud.com\/franck-ridel-2"]}]}},"jetpack_sharing_enabled":true,"jetpack_likes_enabled":true,"_links":{"self":[{"href":"https:\/\/cryptrz.org\/wordpress\/wp-json\/wp\/v2\/pages\/22611","targetHints":{"allow":["GET"]}}],"collection":[{"href":"https:\/\/cryptrz.org\/wordpress\/wp-json\/wp\/v2\/pages"}],"about":[{"href":"https:\/\/cryptrz.org\/wordpress\/wp-json\/wp\/v2\/types\/page"}],"author":[{"embeddable":true,"href":"https:\/\/cryptrz.org\/wordpress\/wp-json\/wp\/v2\/users\/1"}],"replies":[{"embeddable":true,"href":"https:\/\/cryptrz.org\/wordpress\/wp-json\/wp\/v2\/comments?post=22611"}],"version-history":[{"count":9,"href":"https:\/\/cryptrz.org\/wordpress\/wp-json\/wp\/v2\/pages\/22611\/revisions"}],"predecessor-version":[{"id":42214,"href":"https:\/\/cryptrz.org\/wordpress\/wp-json\/wp\/v2\/pages\/22611\/revisions\/42214"}],"wp:attachment":[{"href":"https:\/\/cryptrz.org\/wordpress\/wp-json\/wp\/v2\/media?parent=22611"}],"curies":[{"name":"wp","href":"https:\/\/api.w.org\/{rel}","templated":true}]}}