{"id":23292,"date":"2025-02-02T00:31:11","date_gmt":"2025-02-01T22:31:11","guid":{"rendered":"https:\/\/cryptrz.org\/wordpress\/?page_id=23292"},"modified":"2025-12-07T23:27:27","modified_gmt":"2025-12-07T21:27:27","slug":"musique","status":"publish","type":"page","link":"https:\/\/cryptrz.org\/wordpress\/musique\/","title":{"rendered":"Musique"},"content":{"rendered":"\n<h1 class=\"wp-block-heading\">Lo-Fi et Liminal ambient<\/h1>\n\n\n\n<p><a href=\"https:\/\/en.wikipedia.org\/wiki\/Lo-fi_music\" target=\"_blank\" rel=\"noreferrer noopener\">Chill LoFi<\/a> et <a href=\"https:\/\/www.primaverasound.com\/en\/radio\/shows\/weird-%20flex\/weird-flex-liminal-music-the-sound-of-liminal-spaces\" target=\"_blank\" rel=\"noreferrer noopener\">Liminal Ambient <\/a> musiques compos\u00e9es sur <a href=\"https:\/\/lmms.io\/\" target=\"_blank\" rel=\"noreferrer noopener\">LMMS<\/a> et <a href=\"https:\/\/www.apple.com\/mac\/garageband\/\" target=\"_blank\" rel=\"noreferrer noopener\">GarageBand<\/a>. Ces titres sont aussi disponibles sur <a href=\"https:\/\/cryptrz.bandcamp.com\/\" target=\"_blank\" rel=\"noreferrer noopener\">Bandcamp<\/a><\/p>\n\n\n\n<p>Tout est <strong>open source<\/strong>. Les fichiers sources\u00a0<a href=\"https:\/\/www.filesuffix.com\/en\/extension\/mmpz\" target=\"_blank\" rel=\"noreferrer noopener\">mmpz<\/a> pour\u00a0<strong>LMMS<\/strong> et <a href=\"https:\/\/www.filesuffix.com\/en\/extension\/band\" target=\"_blank\" rel=\"noreferrer noopener\">.band<\/a> pour <strong>GarageBand<\/strong> sont disponibles\u00a0<strong>sous chaque player<\/strong>.<br><\/p>\n\n\n\n<hr class=\"wp-block-separator has-alpha-channel-opacity\"\/>\n\n\n\n<h4 class=\"wp-block-heading\"><a href=\"https:\/\/cryptrz.bandcamp.com\/track\/liminal-lux-christmas\">Liminal Lux Christmas<\/a><\/h4>\n\n\n\n<figure class=\"wp-block-video\"><video height=\"720\" style=\"aspect-ratio: 1280 \/ 720;\" width=\"1280\" controls src=\"https:\/\/cryptrz.org\/wordpress\/wp-content\/uploads\/2025\/12\/LiminalLuxChristmas720p.mp4\"><\/video><figcaption class=\"wp-element-caption\">Liminal Lux Christmas &#8211; 7 D\u00e9cembre 2025<\/figcaption><\/figure>\n\n\n\n<p><a href=\"https:\/\/github.com\/cryptrz\/GarageBand\/raw\/55eacc9b580cf436f01ef15577aa25bda35eab42\/Liminal%20Lux%20Christmas\/Liminal%20Lux%20Christmas.zip\" target=\"_blank\" rel=\"noreferrer noopener\">Fichier source pour GarageBand<\/a><\/p>\n\n\n\n<h4 class=\"wp-block-heading\"><a href=\"https:\/\/cryptrz.bandcamp.com\/track\/alone-in-the-cold\" target=\"_blank\" rel=\"noreferrer noopener\">Alone in the Cold<\/a><\/h4>\n\n\n\n<figure class=\"wp-block-audio\"><audio controls src=\"http:\/\/cryptrz.org\/wordpress\/wp-content\/uploads\/2025\/11\/AloneInTheCold.ogg\"><\/audio><figcaption class=\"wp-element-caption\">Alone in the Cold &#8211; 17 Novembre 2025<\/figcaption><\/figure>\n\n\n\n<p><a href=\"https:\/\/github.com\/cryptrz\/LMMS\/raw\/refs\/heads\/main\/Liminal\/AloneInTheCold\/AloneInTheCold.mmpz\" target=\"_blank\" rel=\"noreferrer noopener\">Fichier source pour LMMS<\/a><\/p>\n\n\n\n<h4 class=\"wp-block-heading\"><a href=\"https:\/\/cryptrz.bandcamp.com\/track\/lullaby\" target=\"_blank\" rel=\"noreferrer noopener\">Lullaby<\/a><\/h4>\n\n\n\n<figure class=\"wp-block-audio\"><audio controls src=\"https:\/\/cryptrz.org\/wordpress\/wp-content\/uploads\/2025\/02\/Lullaby.ogg\"><\/audio><figcaption class=\"wp-element-caption\">Lullaby &#8211; 9 F\u00e9vrier 2025<\/figcaption><\/figure>\n\n\n\n<p><a href=\"https:\/\/github.com\/cryptrz\/LMMS\/raw\/refs\/heads\/main\/LoFi\/WeekEnd-Beats\/weekend-beats.mmpz\" target=\"_blank\" rel=\"noreferrer noopener\">Fichier source pour LMMS<\/a><\/p>\n\n\n\n<h4 class=\"wp-block-heading\"><a href=\"https:\/\/cryptrz.bandcamp.com\/track\/weekend-beats\" target=\"_blank\" rel=\"noreferrer noopener\">Weekend Beats<\/a><\/h4>\n\n\n\n<figure class=\"wp-block-audio\"><audio controls src=\"https:\/\/cryptrz.org\/wordpress\/wp-content\/uploads\/2025\/02\/weekend-beats.ogg\"><\/audio><figcaption class=\"wp-element-caption\">Weekend Beats &#8211; 1er F\u00e9vrier 2025<\/figcaption><\/figure>\n\n\n\n<hr class=\"wp-block-separator has-alpha-channel-opacity\"\/>\n\n\n\n<hr class=\"wp-block-separator has-alpha-channel-opacity\"\/>\n\n\n\n<h1 class=\"wp-block-heading\">Prog Metal<\/h1>\n\n\n\n<p>Sur ReverbNation sont archiv\u00e9s les titres compos\u00e9s pour <a href=\"https:\/\/www.metal-archives.com\/artists\/Franck_Ridel\/222670\" target=\"_blank\" rel=\"noreferrer noopener\">Franck Ridel Project<\/a>, \u00e0 une \u00e9poque o\u00f9 je faisais du Metal Progressif Instrumental.<\/p>\n\n\n\n<p class=\"has-text-align-center\"><a href=\"https:\/\/www.reverbnation.com\/franckridel\/\" target=\"_blank\" rel=\"noreferrer noopener\">reverbnation.com\/franckridel<\/a><\/p>\n\n\n\n<hr class=\"wp-block-separator has-alpha-channel-opacity\"\/>\n\n\n\n<hr class=\"wp-block-separator has-alpha-channel-opacity\"\/>\n\n\n\n<h5 class=\"wp-block-heading has-text-align-center\">Licence <a href=\"https:\/\/fr.wikipedia.org\/wiki\/Creative_Commons\">Creative Commons<\/a><\/h5>\n\n\n<div class=\"wp-block-image\">\n<figure class=\"aligncenter size-medium\"><img loading=\"lazy\" decoding=\"async\" width=\"300\" height=\"200\" src=\"https:\/\/cryptrz.org\/wordpress\/wp-content\/uploads\/2024\/03\/image-300x200.png\" alt=\"\" class=\"wp-image-38\" srcset=\"https:\/\/cryptrz.org\/wordpress\/wp-content\/uploads\/2024\/03\/image-300x200.png 300w, https:\/\/cryptrz.org\/wordpress\/wp-content\/uploads\/2024\/03\/image.png 744w\" sizes=\"auto, (max-width: 300px) 100vw, 300px\" \/><\/figure>\n<\/div>\n\n\n<p class=\"has-text-align-center\">Toute la musique qui se trouve sur <a href=\"https:\/\/cryptrz.org\/wordpress\/\">cryptrz.org<\/a> est sous licence <a href=\"https:\/\/creativecommons.org\/licenses\/by-sa\/4.0\/\">CC BY SA 4.0<\/a>, c\u2019est-\u00e0-dire libre de partager et d\u2019adapter tout en gardant la m\u00eame licence. Fa\u00eetes vous plaisir!<\/p>\n\n\n\n<p><\/p>\n","protected":false},"excerpt":{"rendered":"<p>Lo-Fi et Liminal ambient Chill LoFi et Liminal Ambient musiques compos\u00e9es sur LMMS et GarageBand. Ces titres sont aussi disponibles sur Bandcamp Tout est open source. Les fichiers sources\u00a0mmpz pour\u00a0LMMS<a href=\"https:\/\/cryptrz.org\/wordpress\/musique\/\" class=\"more-link\"><span class=\"readmore\">Continue reading<span class=\"screen-reader-text\">Musique<\/span><\/span><\/a><\/p>\n","protected":false},"author":1,"featured_media":0,"parent":0,"menu_order":0,"comment_status":"closed","ping_status":"closed","template":"","meta":{"jetpack_post_was_ever_published":false,"footnotes":""},"class_list":["post-23292","page","type-page","status-publish","hentry"],"yoast_head":"<!-- This site is optimized with the Yoast SEO plugin v27.4 - https:\/\/yoast.com\/product\/yoast-seo-wordpress\/ -->\n<title>Musique &#8226; Cryptrz<\/title>\n<meta name=\"robots\" content=\"index, follow, max-snippet:-1, max-image-preview:large, max-video-preview:-1\" \/>\n<link rel=\"canonical\" href=\"https:\/\/cryptrz.org\/wordpress\/musique\/\" \/>\n<meta property=\"og:locale\" content=\"fr_FR\" \/>\n<meta property=\"og:type\" content=\"article\" \/>\n<meta property=\"og:title\" content=\"Musique &#8226; Cryptrz\" \/>\n<meta property=\"og:description\" content=\"Lo-Fi et Liminal ambient Chill LoFi et Liminal Ambient musiques compos\u00e9es sur LMMS et GarageBand. Ces titres sont aussi disponibles sur Bandcamp Tout est open source. Les fichiers sources\u00a0mmpz pour\u00a0LMMSContinue readingMusique\" \/>\n<meta property=\"og:url\" content=\"https:\/\/cryptrz.org\/wordpress\/musique\/\" \/>\n<meta property=\"og:site_name\" content=\"Cryptrz\" \/>\n<meta property=\"article:modified_time\" content=\"2025-12-07T21:27:27+00:00\" \/>\n<meta property=\"og:image\" content=\"https:\/\/cryptrz.org\/wordpress\/wp-content\/uploads\/2024\/03\/image.png\" \/>\n\t<meta property=\"og:image:width\" content=\"744\" \/>\n\t<meta property=\"og:image:height\" content=\"496\" \/>\n\t<meta property=\"og:image:type\" content=\"image\/png\" \/>\n<meta name=\"twitter:card\" content=\"summary_large_image\" \/>\n<meta name=\"twitter:label1\" content=\"Dur\u00e9e de lecture estim\u00e9e\" \/>\n\t<meta name=\"twitter:data1\" content=\"1 minute\" \/>\n<script type=\"application\/ld+json\" class=\"yoast-schema-graph\">{\"@context\":\"https:\\\/\\\/schema.org\",\"@graph\":[{\"@type\":\"WebPage\",\"@id\":\"https:\\\/\\\/cryptrz.org\\\/wordpress\\\/musique\\\/\",\"url\":\"https:\\\/\\\/cryptrz.org\\\/wordpress\\\/musique\\\/\",\"name\":\"Musique &#8226; Cryptrz\",\"isPartOf\":{\"@id\":\"https:\\\/\\\/cryptrz.org\\\/wordpress\\\/#website\"},\"primaryImageOfPage\":{\"@id\":\"https:\\\/\\\/cryptrz.org\\\/wordpress\\\/musique\\\/#primaryimage\"},\"image\":{\"@id\":\"https:\\\/\\\/cryptrz.org\\\/wordpress\\\/musique\\\/#primaryimage\"},\"thumbnailUrl\":\"https:\\\/\\\/cryptrz.org\\\/wordpress\\\/wp-content\\\/uploads\\\/2024\\\/03\\\/image-300x200.png\",\"datePublished\":\"2025-02-01T22:31:11+00:00\",\"dateModified\":\"2025-12-07T21:27:27+00:00\",\"breadcrumb\":{\"@id\":\"https:\\\/\\\/cryptrz.org\\\/wordpress\\\/musique\\\/#breadcrumb\"},\"inLanguage\":\"fr-FR\",\"potentialAction\":[{\"@type\":\"ReadAction\",\"target\":[\"https:\\\/\\\/cryptrz.org\\\/wordpress\\\/musique\\\/\"]}]},{\"@type\":\"ImageObject\",\"inLanguage\":\"fr-FR\",\"@id\":\"https:\\\/\\\/cryptrz.org\\\/wordpress\\\/musique\\\/#primaryimage\",\"url\":\"https:\\\/\\\/cryptrz.org\\\/wordpress\\\/wp-content\\\/uploads\\\/2024\\\/03\\\/image.png\",\"contentUrl\":\"https:\\\/\\\/cryptrz.org\\\/wordpress\\\/wp-content\\\/uploads\\\/2024\\\/03\\\/image.png\",\"width\":744,\"height\":496},{\"@type\":\"BreadcrumbList\",\"@id\":\"https:\\\/\\\/cryptrz.org\\\/wordpress\\\/musique\\\/#breadcrumb\",\"itemListElement\":[{\"@type\":\"ListItem\",\"position\":1,\"name\":\"Accueil\",\"item\":\"https:\\\/\\\/cryptrz.org\\\/wordpress\\\/\"},{\"@type\":\"ListItem\",\"position\":2,\"name\":\"Musique\"}]},{\"@type\":\"WebSite\",\"@id\":\"https:\\\/\\\/cryptrz.org\\\/wordpress\\\/#website\",\"url\":\"https:\\\/\\\/cryptrz.org\\\/wordpress\\\/\",\"name\":\"Cryptrz\",\"description\":\"Franck Ridel\",\"publisher\":{\"@id\":\"https:\\\/\\\/cryptrz.org\\\/wordpress\\\/#\\\/schema\\\/person\\\/24ebe8f2cc302fa3336ab7509a09b7ec\"},\"alternateName\":\"Franck Ridel\",\"potentialAction\":[{\"@type\":\"SearchAction\",\"target\":{\"@type\":\"EntryPoint\",\"urlTemplate\":\"https:\\\/\\\/cryptrz.org\\\/wordpress\\\/?s={search_term_string}\"},\"query-input\":{\"@type\":\"PropertyValueSpecification\",\"valueRequired\":true,\"valueName\":\"search_term_string\"}}],\"inLanguage\":\"fr-FR\"},{\"@type\":[\"Person\",\"Organization\"],\"@id\":\"https:\\\/\\\/cryptrz.org\\\/wordpress\\\/#\\\/schema\\\/person\\\/24ebe8f2cc302fa3336ab7509a09b7ec\",\"name\":\"cryptrz\",\"image\":{\"@type\":\"ImageObject\",\"inLanguage\":\"fr-FR\",\"@id\":\"https:\\\/\\\/cryptrz.org\\\/wordpress\\\/wp-content\\\/uploads\\\/2024\\\/09\\\/cover-design.jpg\",\"url\":\"https:\\\/\\\/cryptrz.org\\\/wordpress\\\/wp-content\\\/uploads\\\/2024\\\/09\\\/cover-design.jpg\",\"contentUrl\":\"https:\\\/\\\/cryptrz.org\\\/wordpress\\\/wp-content\\\/uploads\\\/2024\\\/09\\\/cover-design.jpg\",\"width\":1024,\"height\":1024,\"caption\":\"cryptrz\"},\"logo\":{\"@id\":\"https:\\\/\\\/cryptrz.org\\\/wordpress\\\/wp-content\\\/uploads\\\/2024\\\/09\\\/cover-design.jpg\"},\"description\":\"Sysadmin de Luxembourg House of Cybersecurity fan d'open source et autres Unixeries\",\"sameAs\":[\"https:\\\/\\\/cryptrz.org\\\/wordpress\",\"https:\\\/\\\/www.linkedin.com\\\/in\\\/franck-ridel\\\/\",\"https:\\\/\\\/www.youtube.com\\\/@FranckRidel\",\"https:\\\/\\\/soundcloud.com\\\/franck-ridel-2\"]}]}<\/script>\n<!-- \/ Yoast SEO plugin. -->","yoast_head_json":{"title":"Musique &#8226; Cryptrz","robots":{"index":"index","follow":"follow","max-snippet":"max-snippet:-1","max-image-preview":"max-image-preview:large","max-video-preview":"max-video-preview:-1"},"canonical":"https:\/\/cryptrz.org\/wordpress\/musique\/","og_locale":"fr_FR","og_type":"article","og_title":"Musique &#8226; Cryptrz","og_description":"Lo-Fi et Liminal ambient Chill LoFi et Liminal Ambient musiques compos\u00e9es sur LMMS et GarageBand. Ces titres sont aussi disponibles sur Bandcamp Tout est open source. Les fichiers sources\u00a0mmpz pour\u00a0LMMSContinue readingMusique","og_url":"https:\/\/cryptrz.org\/wordpress\/musique\/","og_site_name":"Cryptrz","article_modified_time":"2025-12-07T21:27:27+00:00","og_image":[{"width":744,"height":496,"url":"https:\/\/cryptrz.org\/wordpress\/wp-content\/uploads\/2024\/03\/image.png","type":"image\/png"}],"twitter_card":"summary_large_image","twitter_misc":{"Dur\u00e9e de lecture estim\u00e9e":"1 minute"},"schema":{"@context":"https:\/\/schema.org","@graph":[{"@type":"WebPage","@id":"https:\/\/cryptrz.org\/wordpress\/musique\/","url":"https:\/\/cryptrz.org\/wordpress\/musique\/","name":"Musique &#8226; Cryptrz","isPartOf":{"@id":"https:\/\/cryptrz.org\/wordpress\/#website"},"primaryImageOfPage":{"@id":"https:\/\/cryptrz.org\/wordpress\/musique\/#primaryimage"},"image":{"@id":"https:\/\/cryptrz.org\/wordpress\/musique\/#primaryimage"},"thumbnailUrl":"https:\/\/cryptrz.org\/wordpress\/wp-content\/uploads\/2024\/03\/image-300x200.png","datePublished":"2025-02-01T22:31:11+00:00","dateModified":"2025-12-07T21:27:27+00:00","breadcrumb":{"@id":"https:\/\/cryptrz.org\/wordpress\/musique\/#breadcrumb"},"inLanguage":"fr-FR","potentialAction":[{"@type":"ReadAction","target":["https:\/\/cryptrz.org\/wordpress\/musique\/"]}]},{"@type":"ImageObject","inLanguage":"fr-FR","@id":"https:\/\/cryptrz.org\/wordpress\/musique\/#primaryimage","url":"https:\/\/cryptrz.org\/wordpress\/wp-content\/uploads\/2024\/03\/image.png","contentUrl":"https:\/\/cryptrz.org\/wordpress\/wp-content\/uploads\/2024\/03\/image.png","width":744,"height":496},{"@type":"BreadcrumbList","@id":"https:\/\/cryptrz.org\/wordpress\/musique\/#breadcrumb","itemListElement":[{"@type":"ListItem","position":1,"name":"Accueil","item":"https:\/\/cryptrz.org\/wordpress\/"},{"@type":"ListItem","position":2,"name":"Musique"}]},{"@type":"WebSite","@id":"https:\/\/cryptrz.org\/wordpress\/#website","url":"https:\/\/cryptrz.org\/wordpress\/","name":"Cryptrz","description":"Franck Ridel","publisher":{"@id":"https:\/\/cryptrz.org\/wordpress\/#\/schema\/person\/24ebe8f2cc302fa3336ab7509a09b7ec"},"alternateName":"Franck Ridel","potentialAction":[{"@type":"SearchAction","target":{"@type":"EntryPoint","urlTemplate":"https:\/\/cryptrz.org\/wordpress\/?s={search_term_string}"},"query-input":{"@type":"PropertyValueSpecification","valueRequired":true,"valueName":"search_term_string"}}],"inLanguage":"fr-FR"},{"@type":["Person","Organization"],"@id":"https:\/\/cryptrz.org\/wordpress\/#\/schema\/person\/24ebe8f2cc302fa3336ab7509a09b7ec","name":"cryptrz","image":{"@type":"ImageObject","inLanguage":"fr-FR","@id":"https:\/\/cryptrz.org\/wordpress\/wp-content\/uploads\/2024\/09\/cover-design.jpg","url":"https:\/\/cryptrz.org\/wordpress\/wp-content\/uploads\/2024\/09\/cover-design.jpg","contentUrl":"https:\/\/cryptrz.org\/wordpress\/wp-content\/uploads\/2024\/09\/cover-design.jpg","width":1024,"height":1024,"caption":"cryptrz"},"logo":{"@id":"https:\/\/cryptrz.org\/wordpress\/wp-content\/uploads\/2024\/09\/cover-design.jpg"},"description":"Sysadmin de Luxembourg House of Cybersecurity fan d'open source et autres Unixeries","sameAs":["https:\/\/cryptrz.org\/wordpress","https:\/\/www.linkedin.com\/in\/franck-ridel\/","https:\/\/www.youtube.com\/@FranckRidel","https:\/\/soundcloud.com\/franck-ridel-2"]}]}},"jetpack_sharing_enabled":true,"jetpack_likes_enabled":true,"_links":{"self":[{"href":"https:\/\/cryptrz.org\/wordpress\/wp-json\/wp\/v2\/pages\/23292","targetHints":{"allow":["GET"]}}],"collection":[{"href":"https:\/\/cryptrz.org\/wordpress\/wp-json\/wp\/v2\/pages"}],"about":[{"href":"https:\/\/cryptrz.org\/wordpress\/wp-json\/wp\/v2\/types\/page"}],"author":[{"embeddable":true,"href":"https:\/\/cryptrz.org\/wordpress\/wp-json\/wp\/v2\/users\/1"}],"replies":[{"embeddable":true,"href":"https:\/\/cryptrz.org\/wordpress\/wp-json\/wp\/v2\/comments?post=23292"}],"version-history":[{"count":41,"href":"https:\/\/cryptrz.org\/wordpress\/wp-json\/wp\/v2\/pages\/23292\/revisions"}],"predecessor-version":[{"id":63461,"href":"https:\/\/cryptrz.org\/wordpress\/wp-json\/wp\/v2\/pages\/23292\/revisions\/63461"}],"wp:attachment":[{"href":"https:\/\/cryptrz.org\/wordpress\/wp-json\/wp\/v2\/media?parent=23292"}],"curies":[{"name":"wp","href":"https:\/\/api.w.org\/{rel}","templated":true}]}}