{"id":24911,"date":"2025-02-17T18:50:42","date_gmt":"2025-02-17T16:50:42","guid":{"rendered":"https:\/\/cryptrz.org\/wordpress\/?page_id=24911"},"modified":"2025-11-10T23:00:49","modified_gmt":"2025-11-10T21:00:49","slug":"ecrits","status":"publish","type":"page","link":"https:\/\/cryptrz.org\/wordpress\/ecrits\/","title":{"rendered":"\u00c9crits"},"content":{"rendered":"\n<h2 class=\"wp-block-heading\">Cybers\u00e9curit\u00e9<\/h2>\n\n\n\n<p>2025: <a href=\"https:\/\/archive.org\/details\/phishing-attack-presentation\" target=\"_blank\" rel=\"noreferrer noopener\">Phishing Workshop pour Women Cyber Force \/ Women4Cyber Luxembourg<\/a> (En anglais): Animation d&rsquo;un workshop pour Women Cyber Force \/ Women4Cyber Luxembourg sur les attaques de phishing<\/p>\n\n\n\n<p>2024: <a href=\"https:\/\/archive.org\/details\/the-art-of-war-penetration-testing-edition\" target=\"_blank\" rel=\"noreferrer noopener\">The Art Of War &#8211; Penetration Testing Edition<\/a> (En anglais): Version modenis\u00e9e de l&rsquo;Art De La Guerre \u00e9crite en imaginant ce qu&rsquo;aurait pu conseiller Sun Tzu s&rsquo;il avait v\u00e9cu \u00e0 notre \u00e9poque en tant que pentester<\/p>\n\n\n\n<p>2022: <a href=\"https:\/\/archive.org\/details\/fedoraForPentesting\/mode\/1up\" target=\"_blank\" rel=\"noreferrer noopener\">fedora as a pentesting OS<\/a> (En anglais): Pr\u00e9sentation qui d\u00e9montre comment Fedora Linux pourrait \u00eatre utilis\u00e9e par un pentester<\/p>\n\n\n\n<p>2018: <a href=\"https:\/\/archive.org\/details\/maintenir-et-securiser-blog-wordpress\/mode\/2up\" target=\"_blank\" rel=\"noreferrer noopener\">Maintenir et S\u00e9curiser son Blog sous WordPress<\/a> (En fran\u00e7ais): Guide pratique qui partage plusieurs techniques et bonnes pratiques pour s\u00e9curiser WordPress <\/p>\n\n\n\n<p><\/p>\n\n\n\n<h2 class=\"wp-block-heading\">Psychologie<\/h2>\n\n\n\n<p>2012: <a href=\"https:\/\/archive.org\/details\/les-handicaps-mentaux\" target=\"_blank\" rel=\"noreferrer noopener\">Les handicaps mentaux<\/a> (En fran\u00e7ais): Expos\u00e9 qui d\u00e9finit ce qu&rsquo;est un handicap mental et fournit quelques conseils d&rsquo;accompagnement<\/p>\n","protected":false},"excerpt":{"rendered":"<p>Cybers\u00e9curit\u00e9 2025: Phishing Workshop pour Women Cyber Force \/ Women4Cyber Luxembourg (En anglais): Animation d&rsquo;un workshop pour Women Cyber Force \/ Women4Cyber Luxembourg sur les attaques de phishing 2024: The<a href=\"https:\/\/cryptrz.org\/wordpress\/ecrits\/\" class=\"more-link\"><span class=\"readmore\">Continue reading<span class=\"screen-reader-text\">\u00c9crits<\/span><\/span><\/a><\/p>\n","protected":false},"author":1,"featured_media":0,"parent":0,"menu_order":0,"comment_status":"closed","ping_status":"closed","template":"","meta":{"jetpack_post_was_ever_published":false,"footnotes":""},"class_list":["post-24911","page","type-page","status-publish","hentry"],"yoast_head":"<!-- This site is optimized with the Yoast SEO plugin v27.3 - https:\/\/yoast.com\/product\/yoast-seo-wordpress\/ -->\n<title>\u00c9crits &#8226; Cryptrz<\/title>\n<meta name=\"robots\" content=\"index, follow, max-snippet:-1, max-image-preview:large, max-video-preview:-1\" \/>\n<link rel=\"canonical\" href=\"https:\/\/cryptrz.org\/wordpress\/ecrits\/\" \/>\n<meta property=\"og:locale\" content=\"fr_FR\" \/>\n<meta property=\"og:type\" content=\"article\" \/>\n<meta property=\"og:title\" content=\"\u00c9crits &#8226; Cryptrz\" \/>\n<meta property=\"og:description\" content=\"Cybers\u00e9curit\u00e9 2025: Phishing Workshop pour Women Cyber Force \/ Women4Cyber Luxembourg (En anglais): Animation d&rsquo;un workshop pour Women Cyber Force \/ Women4Cyber Luxembourg sur les attaques de phishing 2024: TheContinue reading\u00c9crits\" \/>\n<meta property=\"og:url\" content=\"https:\/\/cryptrz.org\/wordpress\/ecrits\/\" \/>\n<meta property=\"og:site_name\" content=\"Cryptrz\" \/>\n<meta property=\"article:modified_time\" content=\"2025-11-10T21:00:49+00:00\" \/>\n<meta property=\"og:image\" content=\"https:\/\/cryptrz.org\/wordpress\/wp-content\/uploads\/2025\/05\/cryptrz-shield-logo-WIDE.png\" \/>\n\t<meta property=\"og:image:width\" content=\"1200\" \/>\n\t<meta property=\"og:image:height\" content=\"675\" \/>\n\t<meta property=\"og:image:type\" content=\"image\/png\" \/>\n<meta name=\"twitter:card\" content=\"summary_large_image\" \/>\n<meta name=\"twitter:label1\" content=\"Dur\u00e9e de lecture estim\u00e9e\" \/>\n\t<meta name=\"twitter:data1\" content=\"1 minute\" \/>\n<script type=\"application\/ld+json\" class=\"yoast-schema-graph\">{\"@context\":\"https:\\\/\\\/schema.org\",\"@graph\":[{\"@type\":\"WebPage\",\"@id\":\"https:\\\/\\\/cryptrz.org\\\/wordpress\\\/ecrits\\\/\",\"url\":\"https:\\\/\\\/cryptrz.org\\\/wordpress\\\/ecrits\\\/\",\"name\":\"\u00c9crits &#8226; Cryptrz\",\"isPartOf\":{\"@id\":\"https:\\\/\\\/cryptrz.org\\\/wordpress\\\/#website\"},\"datePublished\":\"2025-02-17T16:50:42+00:00\",\"dateModified\":\"2025-11-10T21:00:49+00:00\",\"breadcrumb\":{\"@id\":\"https:\\\/\\\/cryptrz.org\\\/wordpress\\\/ecrits\\\/#breadcrumb\"},\"inLanguage\":\"fr-FR\",\"potentialAction\":[{\"@type\":\"ReadAction\",\"target\":[\"https:\\\/\\\/cryptrz.org\\\/wordpress\\\/ecrits\\\/\"]}]},{\"@type\":\"BreadcrumbList\",\"@id\":\"https:\\\/\\\/cryptrz.org\\\/wordpress\\\/ecrits\\\/#breadcrumb\",\"itemListElement\":[{\"@type\":\"ListItem\",\"position\":1,\"name\":\"Accueil\",\"item\":\"https:\\\/\\\/cryptrz.org\\\/wordpress\\\/\"},{\"@type\":\"ListItem\",\"position\":2,\"name\":\"\u00c9crits\"}]},{\"@type\":\"WebSite\",\"@id\":\"https:\\\/\\\/cryptrz.org\\\/wordpress\\\/#website\",\"url\":\"https:\\\/\\\/cryptrz.org\\\/wordpress\\\/\",\"name\":\"Cryptrz\",\"description\":\"Franck Ridel\",\"publisher\":{\"@id\":\"https:\\\/\\\/cryptrz.org\\\/wordpress\\\/#\\\/schema\\\/person\\\/24ebe8f2cc302fa3336ab7509a09b7ec\"},\"alternateName\":\"Franck Ridel\",\"potentialAction\":[{\"@type\":\"SearchAction\",\"target\":{\"@type\":\"EntryPoint\",\"urlTemplate\":\"https:\\\/\\\/cryptrz.org\\\/wordpress\\\/?s={search_term_string}\"},\"query-input\":{\"@type\":\"PropertyValueSpecification\",\"valueRequired\":true,\"valueName\":\"search_term_string\"}}],\"inLanguage\":\"fr-FR\"},{\"@type\":[\"Person\",\"Organization\"],\"@id\":\"https:\\\/\\\/cryptrz.org\\\/wordpress\\\/#\\\/schema\\\/person\\\/24ebe8f2cc302fa3336ab7509a09b7ec\",\"name\":\"cryptrz\",\"image\":{\"@type\":\"ImageObject\",\"inLanguage\":\"fr-FR\",\"@id\":\"https:\\\/\\\/cryptrz.org\\\/wordpress\\\/wp-content\\\/uploads\\\/2024\\\/09\\\/cover-design.jpg\",\"url\":\"https:\\\/\\\/cryptrz.org\\\/wordpress\\\/wp-content\\\/uploads\\\/2024\\\/09\\\/cover-design.jpg\",\"contentUrl\":\"https:\\\/\\\/cryptrz.org\\\/wordpress\\\/wp-content\\\/uploads\\\/2024\\\/09\\\/cover-design.jpg\",\"width\":1024,\"height\":1024,\"caption\":\"cryptrz\"},\"logo\":{\"@id\":\"https:\\\/\\\/cryptrz.org\\\/wordpress\\\/wp-content\\\/uploads\\\/2024\\\/09\\\/cover-design.jpg\"},\"description\":\"Sysadmin de Luxembourg House of Cybersecurity fan d'open source et autres Unixeries\",\"sameAs\":[\"https:\\\/\\\/cryptrz.org\\\/wordpress\",\"https:\\\/\\\/www.linkedin.com\\\/in\\\/franck-ridel\\\/\",\"https:\\\/\\\/www.youtube.com\\\/@FranckRidel\",\"https:\\\/\\\/soundcloud.com\\\/franck-ridel-2\"]}]}<\/script>\n<!-- \/ Yoast SEO plugin. -->","yoast_head_json":{"title":"\u00c9crits &#8226; Cryptrz","robots":{"index":"index","follow":"follow","max-snippet":"max-snippet:-1","max-image-preview":"max-image-preview:large","max-video-preview":"max-video-preview:-1"},"canonical":"https:\/\/cryptrz.org\/wordpress\/ecrits\/","og_locale":"fr_FR","og_type":"article","og_title":"\u00c9crits &#8226; Cryptrz","og_description":"Cybers\u00e9curit\u00e9 2025: Phishing Workshop pour Women Cyber Force \/ Women4Cyber Luxembourg (En anglais): Animation d&rsquo;un workshop pour Women Cyber Force \/ Women4Cyber Luxembourg sur les attaques de phishing 2024: TheContinue reading\u00c9crits","og_url":"https:\/\/cryptrz.org\/wordpress\/ecrits\/","og_site_name":"Cryptrz","article_modified_time":"2025-11-10T21:00:49+00:00","og_image":[{"width":1200,"height":675,"url":"https:\/\/cryptrz.org\/wordpress\/wp-content\/uploads\/2025\/05\/cryptrz-shield-logo-WIDE.png","type":"image\/png"}],"twitter_card":"summary_large_image","twitter_misc":{"Dur\u00e9e de lecture estim\u00e9e":"1 minute"},"schema":{"@context":"https:\/\/schema.org","@graph":[{"@type":"WebPage","@id":"https:\/\/cryptrz.org\/wordpress\/ecrits\/","url":"https:\/\/cryptrz.org\/wordpress\/ecrits\/","name":"\u00c9crits &#8226; Cryptrz","isPartOf":{"@id":"https:\/\/cryptrz.org\/wordpress\/#website"},"datePublished":"2025-02-17T16:50:42+00:00","dateModified":"2025-11-10T21:00:49+00:00","breadcrumb":{"@id":"https:\/\/cryptrz.org\/wordpress\/ecrits\/#breadcrumb"},"inLanguage":"fr-FR","potentialAction":[{"@type":"ReadAction","target":["https:\/\/cryptrz.org\/wordpress\/ecrits\/"]}]},{"@type":"BreadcrumbList","@id":"https:\/\/cryptrz.org\/wordpress\/ecrits\/#breadcrumb","itemListElement":[{"@type":"ListItem","position":1,"name":"Accueil","item":"https:\/\/cryptrz.org\/wordpress\/"},{"@type":"ListItem","position":2,"name":"\u00c9crits"}]},{"@type":"WebSite","@id":"https:\/\/cryptrz.org\/wordpress\/#website","url":"https:\/\/cryptrz.org\/wordpress\/","name":"Cryptrz","description":"Franck Ridel","publisher":{"@id":"https:\/\/cryptrz.org\/wordpress\/#\/schema\/person\/24ebe8f2cc302fa3336ab7509a09b7ec"},"alternateName":"Franck Ridel","potentialAction":[{"@type":"SearchAction","target":{"@type":"EntryPoint","urlTemplate":"https:\/\/cryptrz.org\/wordpress\/?s={search_term_string}"},"query-input":{"@type":"PropertyValueSpecification","valueRequired":true,"valueName":"search_term_string"}}],"inLanguage":"fr-FR"},{"@type":["Person","Organization"],"@id":"https:\/\/cryptrz.org\/wordpress\/#\/schema\/person\/24ebe8f2cc302fa3336ab7509a09b7ec","name":"cryptrz","image":{"@type":"ImageObject","inLanguage":"fr-FR","@id":"https:\/\/cryptrz.org\/wordpress\/wp-content\/uploads\/2024\/09\/cover-design.jpg","url":"https:\/\/cryptrz.org\/wordpress\/wp-content\/uploads\/2024\/09\/cover-design.jpg","contentUrl":"https:\/\/cryptrz.org\/wordpress\/wp-content\/uploads\/2024\/09\/cover-design.jpg","width":1024,"height":1024,"caption":"cryptrz"},"logo":{"@id":"https:\/\/cryptrz.org\/wordpress\/wp-content\/uploads\/2024\/09\/cover-design.jpg"},"description":"Sysadmin de Luxembourg House of Cybersecurity fan d'open source et autres Unixeries","sameAs":["https:\/\/cryptrz.org\/wordpress","https:\/\/www.linkedin.com\/in\/franck-ridel\/","https:\/\/www.youtube.com\/@FranckRidel","https:\/\/soundcloud.com\/franck-ridel-2"]}]}},"jetpack_sharing_enabled":true,"jetpack_likes_enabled":true,"_links":{"self":[{"href":"https:\/\/cryptrz.org\/wordpress\/wp-json\/wp\/v2\/pages\/24911","targetHints":{"allow":["GET"]}}],"collection":[{"href":"https:\/\/cryptrz.org\/wordpress\/wp-json\/wp\/v2\/pages"}],"about":[{"href":"https:\/\/cryptrz.org\/wordpress\/wp-json\/wp\/v2\/types\/page"}],"author":[{"embeddable":true,"href":"https:\/\/cryptrz.org\/wordpress\/wp-json\/wp\/v2\/users\/1"}],"replies":[{"embeddable":true,"href":"https:\/\/cryptrz.org\/wordpress\/wp-json\/wp\/v2\/comments?post=24911"}],"version-history":[{"count":3,"href":"https:\/\/cryptrz.org\/wordpress\/wp-json\/wp\/v2\/pages\/24911\/revisions"}],"predecessor-version":[{"id":58551,"href":"https:\/\/cryptrz.org\/wordpress\/wp-json\/wp\/v2\/pages\/24911\/revisions\/58551"}],"wp:attachment":[{"href":"https:\/\/cryptrz.org\/wordpress\/wp-json\/wp\/v2\/media?parent=24911"}],"curies":[{"name":"wp","href":"https:\/\/api.w.org\/{rel}","templated":true}]}}