{"id":25529,"date":"2025-02-24T20:32:05","date_gmt":"2025-02-24T18:32:05","guid":{"rendered":"https:\/\/cryptrz.org\/wordpress\/?page_id=25529"},"modified":"2025-02-24T20:36:34","modified_gmt":"2025-02-24T18:36:34","slug":"scripts","status":"publish","type":"page","link":"https:\/\/cryptrz.org\/wordpress\/scripts\/","title":{"rendered":"Scripts"},"content":{"rendered":"\n<p>Voici quelques scripts \u00e9crits pour mes propres besoins mais qui pourraient \u00eatre utiles \u00e0 d&rsquo;autres personnes.<\/p>\n\n\n\n<h2 class=\"wp-block-heading\">netscanreport<\/h2>\n\n\n\n<h4 class=\"wp-block-heading\">Language: Bash<\/h4>\n\n\n\n<p>Script qui scanne l&rsquo;URL, l&rsquo;adresse IP ou la plage d&rsquo;dresses de votre choix pour d\u00e9tecter les ports ouverts, certificats TLS et vuln\u00e9rabilit\u00e9s pour ensuite tout regrouper dans un rapport export\u00e9 en XML et PDF<\/p>\n\n\n\n<p><a href=\"https:\/\/github.com\/cryptrz\/netscanreport\">https:\/\/github.com\/cryptrz\/netscanreport<\/a><\/p>\n\n\n\n<h2 class=\"wp-block-heading\">freecache<\/h2>\n\n\n\n<h4 class=\"wp-block-heading\">Language: Bash<\/h4>\n\n\n\n<p>Suite de commandes que j&rsquo;avais d\u00e9taill\u00e9e <a href=\"https:\/\/cryptrz.org\/wordpress\/2024\/10\/15\/comment-automatiser-le-vidage-de-cache-sous-linux\/\" target=\"_blank\" rel=\"noreferrer noopener\">ici<\/a> pour vider le cache de votre distrib Linux<\/p>\n\n\n\n<p><a href=\"https:\/\/github.com\/cryptrz\/freecache\">https:\/\/github.com\/cryptrz\/freecache<\/a><\/p>\n\n\n\n<h2 class=\"wp-block-heading\">tlsChecker<\/h2>\n\n\n\n<h4 class=\"wp-block-heading\">Language: Bash<\/h4>\n\n\n\n<p>tlsChecker v\u00e9rifie la date de validit\u00e9 des certficats TLS, et vous indique de le renouveler s&rsquo;il reste moins d&rsquo;un mois <\/p>\n\n\n\n<p><a href=\"https:\/\/github.com\/cryptrz\/tlsChecker\">https:\/\/github.com\/cryptrz\/tlsChecker<\/a><\/p>\n\n\n\n<h2 class=\"wp-block-heading\">domcheck<\/h2>\n\n\n\n<h4 class=\"wp-block-heading\">Language: Bash<\/h4>\n\n\n\n<p>domcheck fournit les informations DNS d&rsquo;un nom de domaine, ce qui peut \u00eatre utile pour la recon d&rsquo;un pentest ou bug bounty<\/p>\n\n\n\n<p><a href=\"https:\/\/github.com\/cryptrz\/domcheck\">https:\/\/github.com\/cryptrz\/domcheck<\/a><\/p>\n\n\n\n<h2 class=\"wp-block-heading\">loganal<\/h2>\n\n\n\n<h4 class=\"wp-block-heading\">Language: Bash<\/h4>\n\n\n\n<p>loganal affiche les logs provenant du journal de votre choix (vous pouvez choisir syslog par exemple) ainsi que ceux de journalctl<\/p>\n\n\n\n<p><a href=\"https:\/\/github.com\/cryptrz\/loganal\">https:\/\/github.com\/cryptrz\/loganal<\/a><\/p>\n\n\n\n<h2 class=\"wp-block-heading\">watchnet<\/h2>\n\n\n\n<h4 class=\"wp-block-heading\">Language: Bash<\/h4>\n\n\n\n<p>watchnet affiche en tant r\u00e9el le nombre de packets envoy\u00e9s et re\u00e7us sur l&rsquo;interface de votre choix<\/p>\n\n\n\n<p><a href=\"https:\/\/github.com\/cryptrz\/watchnet\/tree\/main\">https:\/\/github.com\/cryptrz\/watchnet\/tree\/main<\/a><\/p>\n\n\n\n<h2 class=\"wp-block-heading\">checkspace<\/h2>\n\n\n\n<h4 class=\"wp-block-heading\">Language: Bash<\/h4>\n\n\n\n<p>Script qui v\u00e9rifie l&rsquo;espace disponible sur votre disque et qui v\u00e9rifie le r\u00e9pertoire home si vous n&rsquo;\u00eates pas root, et la totalit\u00e9 du disque si vous \u00eates root<\/p>\n\n\n\n<p><a href=\"https:\/\/github.com\/cryptrz\/checkspace\">https:\/\/github.com\/cryptrz\/checkspace<\/a><\/p>\n\n\n\n<h2 class=\"wp-block-heading\">savedir<\/h2>\n\n\n\n<h4 class=\"wp-block-heading\">Language: Bash<\/h4>\n\n\n\n<p>Script qui permet de faire un backup de vos dossiers<\/p>\n\n\n\n<p><a href=\"https:\/\/github.com\/cryptrz\/savedir\/tree\/main\">https:\/\/github.com\/cryptrz\/savedir\/tree\/main<\/a><\/p>\n\n\n\n<h2 class=\"wp-block-heading\">pdftodocx<\/h2>\n\n\n\n<h4 class=\"wp-block-heading\">Language: Python<\/h4>\n\n\n\n<p>Un script interactif qui convertit les fichiers .pdf en .docx<\/p>\n\n\n\n<p><a href=\"https:\/\/github.com\/cryptrz\/pdftodocx\">https:\/\/github.com\/cryptrz\/pdftodocx<\/a><\/p>\n\n\n\n<h2 class=\"wp-block-heading\">myloc<\/h2>\n\n\n\n<h4 class=\"wp-block-heading\">Language: Bash<\/h4>\n\n\n\n<p>myloc affiche votre g\u00e9olocalisation<\/p>\n\n\n\n<p><a href=\"https:\/\/github.com\/cryptrz\/myloc\">https:\/\/github.com\/cryptrz\/myloc<\/a><\/p>\n\n\n\n<h2 class=\"wp-block-heading\">luhnAlgo<\/h2>\n\n\n\n<h4 class=\"wp-block-heading\">Language: Python<\/h4>\n\n\n\n<p>luhnAlgo permet de v\u00e9rifier si un num\u00e9ro de carte bancaire est valide.<\/p>\n\n\n\n<p><a href=\"https:\/\/github.com\/cryptrz\/luhnAlgo\/blob\/main\/luhnAlgo.py\" target=\"_blank\" rel=\"noreferrer noopener\">https:\/\/github.com\/cryptrz\/luhnAlgo\/blob\/main\/luhnAlgo.py<\/a> <\/p>\n\n\n\n<p><\/p>\n","protected":false},"excerpt":{"rendered":"<p>Voici quelques scripts \u00e9crits pour mes propres besoins mais qui pourraient \u00eatre utiles \u00e0 d&rsquo;autres personnes. netscanreport Language: Bash Script qui scanne l&rsquo;URL, l&rsquo;adresse IP ou la plage d&rsquo;dresses de<a href=\"https:\/\/cryptrz.org\/wordpress\/scripts\/\" class=\"more-link\"><span class=\"readmore\">Continue reading<span class=\"screen-reader-text\">Scripts<\/span><\/span><\/a><\/p>\n","protected":false},"author":1,"featured_media":0,"parent":0,"menu_order":0,"comment_status":"closed","ping_status":"closed","template":"","meta":{"jetpack_post_was_ever_published":false,"footnotes":""},"class_list":["post-25529","page","type-page","status-publish","hentry"],"yoast_head":"<!-- This site is optimized with the Yoast SEO plugin v27.3 - https:\/\/yoast.com\/product\/yoast-seo-wordpress\/ -->\n<title>Scripts &#8226; Cryptrz<\/title>\n<meta name=\"robots\" content=\"index, follow, max-snippet:-1, max-image-preview:large, max-video-preview:-1\" \/>\n<link rel=\"canonical\" href=\"https:\/\/cryptrz.org\/wordpress\/scripts\/\" \/>\n<meta property=\"og:locale\" content=\"fr_FR\" \/>\n<meta property=\"og:type\" content=\"article\" \/>\n<meta property=\"og:title\" content=\"Scripts &#8226; Cryptrz\" \/>\n<meta property=\"og:description\" content=\"Voici quelques scripts \u00e9crits pour mes propres besoins mais qui pourraient \u00eatre utiles \u00e0 d&rsquo;autres personnes. netscanreport Language: Bash Script qui scanne l&rsquo;URL, l&rsquo;adresse IP ou la plage d&rsquo;dresses deContinue readingScripts\" \/>\n<meta property=\"og:url\" content=\"https:\/\/cryptrz.org\/wordpress\/scripts\/\" \/>\n<meta property=\"og:site_name\" content=\"Cryptrz\" \/>\n<meta property=\"article:modified_time\" content=\"2025-02-24T18:36:34+00:00\" \/>\n<meta property=\"og:image\" content=\"https:\/\/cryptrz.org\/wordpress\/wp-content\/uploads\/2025\/05\/cryptrz-shield-logo-WIDE.png\" \/>\n\t<meta property=\"og:image:width\" content=\"1200\" \/>\n\t<meta property=\"og:image:height\" content=\"675\" \/>\n\t<meta property=\"og:image:type\" content=\"image\/png\" \/>\n<meta name=\"twitter:card\" content=\"summary_large_image\" \/>\n<meta name=\"twitter:label1\" content=\"Dur\u00e9e de lecture estim\u00e9e\" \/>\n\t<meta name=\"twitter:data1\" content=\"2 minutes\" \/>\n<script type=\"application\/ld+json\" class=\"yoast-schema-graph\">{\"@context\":\"https:\\\/\\\/schema.org\",\"@graph\":[{\"@type\":\"WebPage\",\"@id\":\"https:\\\/\\\/cryptrz.org\\\/wordpress\\\/scripts\\\/\",\"url\":\"https:\\\/\\\/cryptrz.org\\\/wordpress\\\/scripts\\\/\",\"name\":\"Scripts &#8226; Cryptrz\",\"isPartOf\":{\"@id\":\"https:\\\/\\\/cryptrz.org\\\/wordpress\\\/#website\"},\"datePublished\":\"2025-02-24T18:32:05+00:00\",\"dateModified\":\"2025-02-24T18:36:34+00:00\",\"breadcrumb\":{\"@id\":\"https:\\\/\\\/cryptrz.org\\\/wordpress\\\/scripts\\\/#breadcrumb\"},\"inLanguage\":\"fr-FR\",\"potentialAction\":[{\"@type\":\"ReadAction\",\"target\":[\"https:\\\/\\\/cryptrz.org\\\/wordpress\\\/scripts\\\/\"]}]},{\"@type\":\"BreadcrumbList\",\"@id\":\"https:\\\/\\\/cryptrz.org\\\/wordpress\\\/scripts\\\/#breadcrumb\",\"itemListElement\":[{\"@type\":\"ListItem\",\"position\":1,\"name\":\"Accueil\",\"item\":\"https:\\\/\\\/cryptrz.org\\\/wordpress\\\/\"},{\"@type\":\"ListItem\",\"position\":2,\"name\":\"Scripts\"}]},{\"@type\":\"WebSite\",\"@id\":\"https:\\\/\\\/cryptrz.org\\\/wordpress\\\/#website\",\"url\":\"https:\\\/\\\/cryptrz.org\\\/wordpress\\\/\",\"name\":\"Cryptrz\",\"description\":\"Franck Ridel\",\"publisher\":{\"@id\":\"https:\\\/\\\/cryptrz.org\\\/wordpress\\\/#\\\/schema\\\/person\\\/24ebe8f2cc302fa3336ab7509a09b7ec\"},\"alternateName\":\"Franck Ridel\",\"potentialAction\":[{\"@type\":\"SearchAction\",\"target\":{\"@type\":\"EntryPoint\",\"urlTemplate\":\"https:\\\/\\\/cryptrz.org\\\/wordpress\\\/?s={search_term_string}\"},\"query-input\":{\"@type\":\"PropertyValueSpecification\",\"valueRequired\":true,\"valueName\":\"search_term_string\"}}],\"inLanguage\":\"fr-FR\"},{\"@type\":[\"Person\",\"Organization\"],\"@id\":\"https:\\\/\\\/cryptrz.org\\\/wordpress\\\/#\\\/schema\\\/person\\\/24ebe8f2cc302fa3336ab7509a09b7ec\",\"name\":\"cryptrz\",\"image\":{\"@type\":\"ImageObject\",\"inLanguage\":\"fr-FR\",\"@id\":\"https:\\\/\\\/cryptrz.org\\\/wordpress\\\/wp-content\\\/uploads\\\/2024\\\/09\\\/cover-design.jpg\",\"url\":\"https:\\\/\\\/cryptrz.org\\\/wordpress\\\/wp-content\\\/uploads\\\/2024\\\/09\\\/cover-design.jpg\",\"contentUrl\":\"https:\\\/\\\/cryptrz.org\\\/wordpress\\\/wp-content\\\/uploads\\\/2024\\\/09\\\/cover-design.jpg\",\"width\":1024,\"height\":1024,\"caption\":\"cryptrz\"},\"logo\":{\"@id\":\"https:\\\/\\\/cryptrz.org\\\/wordpress\\\/wp-content\\\/uploads\\\/2024\\\/09\\\/cover-design.jpg\"},\"description\":\"Sysadmin de Luxembourg House of Cybersecurity fan d'open source et autres Unixeries\",\"sameAs\":[\"https:\\\/\\\/cryptrz.org\\\/wordpress\",\"https:\\\/\\\/www.linkedin.com\\\/in\\\/franck-ridel\\\/\",\"https:\\\/\\\/www.youtube.com\\\/@FranckRidel\",\"https:\\\/\\\/soundcloud.com\\\/franck-ridel-2\"]}]}<\/script>\n<!-- \/ Yoast SEO plugin. -->","yoast_head_json":{"title":"Scripts &#8226; Cryptrz","robots":{"index":"index","follow":"follow","max-snippet":"max-snippet:-1","max-image-preview":"max-image-preview:large","max-video-preview":"max-video-preview:-1"},"canonical":"https:\/\/cryptrz.org\/wordpress\/scripts\/","og_locale":"fr_FR","og_type":"article","og_title":"Scripts &#8226; Cryptrz","og_description":"Voici quelques scripts \u00e9crits pour mes propres besoins mais qui pourraient \u00eatre utiles \u00e0 d&rsquo;autres personnes. netscanreport Language: Bash Script qui scanne l&rsquo;URL, l&rsquo;adresse IP ou la plage d&rsquo;dresses deContinue readingScripts","og_url":"https:\/\/cryptrz.org\/wordpress\/scripts\/","og_site_name":"Cryptrz","article_modified_time":"2025-02-24T18:36:34+00:00","og_image":[{"width":1200,"height":675,"url":"https:\/\/cryptrz.org\/wordpress\/wp-content\/uploads\/2025\/05\/cryptrz-shield-logo-WIDE.png","type":"image\/png"}],"twitter_card":"summary_large_image","twitter_misc":{"Dur\u00e9e de lecture estim\u00e9e":"2 minutes"},"schema":{"@context":"https:\/\/schema.org","@graph":[{"@type":"WebPage","@id":"https:\/\/cryptrz.org\/wordpress\/scripts\/","url":"https:\/\/cryptrz.org\/wordpress\/scripts\/","name":"Scripts &#8226; Cryptrz","isPartOf":{"@id":"https:\/\/cryptrz.org\/wordpress\/#website"},"datePublished":"2025-02-24T18:32:05+00:00","dateModified":"2025-02-24T18:36:34+00:00","breadcrumb":{"@id":"https:\/\/cryptrz.org\/wordpress\/scripts\/#breadcrumb"},"inLanguage":"fr-FR","potentialAction":[{"@type":"ReadAction","target":["https:\/\/cryptrz.org\/wordpress\/scripts\/"]}]},{"@type":"BreadcrumbList","@id":"https:\/\/cryptrz.org\/wordpress\/scripts\/#breadcrumb","itemListElement":[{"@type":"ListItem","position":1,"name":"Accueil","item":"https:\/\/cryptrz.org\/wordpress\/"},{"@type":"ListItem","position":2,"name":"Scripts"}]},{"@type":"WebSite","@id":"https:\/\/cryptrz.org\/wordpress\/#website","url":"https:\/\/cryptrz.org\/wordpress\/","name":"Cryptrz","description":"Franck Ridel","publisher":{"@id":"https:\/\/cryptrz.org\/wordpress\/#\/schema\/person\/24ebe8f2cc302fa3336ab7509a09b7ec"},"alternateName":"Franck Ridel","potentialAction":[{"@type":"SearchAction","target":{"@type":"EntryPoint","urlTemplate":"https:\/\/cryptrz.org\/wordpress\/?s={search_term_string}"},"query-input":{"@type":"PropertyValueSpecification","valueRequired":true,"valueName":"search_term_string"}}],"inLanguage":"fr-FR"},{"@type":["Person","Organization"],"@id":"https:\/\/cryptrz.org\/wordpress\/#\/schema\/person\/24ebe8f2cc302fa3336ab7509a09b7ec","name":"cryptrz","image":{"@type":"ImageObject","inLanguage":"fr-FR","@id":"https:\/\/cryptrz.org\/wordpress\/wp-content\/uploads\/2024\/09\/cover-design.jpg","url":"https:\/\/cryptrz.org\/wordpress\/wp-content\/uploads\/2024\/09\/cover-design.jpg","contentUrl":"https:\/\/cryptrz.org\/wordpress\/wp-content\/uploads\/2024\/09\/cover-design.jpg","width":1024,"height":1024,"caption":"cryptrz"},"logo":{"@id":"https:\/\/cryptrz.org\/wordpress\/wp-content\/uploads\/2024\/09\/cover-design.jpg"},"description":"Sysadmin de Luxembourg House of Cybersecurity fan d'open source et autres Unixeries","sameAs":["https:\/\/cryptrz.org\/wordpress","https:\/\/www.linkedin.com\/in\/franck-ridel\/","https:\/\/www.youtube.com\/@FranckRidel","https:\/\/soundcloud.com\/franck-ridel-2"]}]}},"jetpack_sharing_enabled":true,"jetpack_likes_enabled":true,"_links":{"self":[{"href":"https:\/\/cryptrz.org\/wordpress\/wp-json\/wp\/v2\/pages\/25529","targetHints":{"allow":["GET"]}}],"collection":[{"href":"https:\/\/cryptrz.org\/wordpress\/wp-json\/wp\/v2\/pages"}],"about":[{"href":"https:\/\/cryptrz.org\/wordpress\/wp-json\/wp\/v2\/types\/page"}],"author":[{"embeddable":true,"href":"https:\/\/cryptrz.org\/wordpress\/wp-json\/wp\/v2\/users\/1"}],"replies":[{"embeddable":true,"href":"https:\/\/cryptrz.org\/wordpress\/wp-json\/wp\/v2\/comments?post=25529"}],"version-history":[{"count":4,"href":"https:\/\/cryptrz.org\/wordpress\/wp-json\/wp\/v2\/pages\/25529\/revisions"}],"predecessor-version":[{"id":25569,"href":"https:\/\/cryptrz.org\/wordpress\/wp-json\/wp\/v2\/pages\/25529\/revisions\/25569"}],"wp:attachment":[{"href":"https:\/\/cryptrz.org\/wordpress\/wp-json\/wp\/v2\/media?parent=25529"}],"curies":[{"name":"wp","href":"https:\/\/api.w.org\/{rel}","templated":true}]}}