{"id":27952,"date":"2025-03-21T13:09:29","date_gmt":"2025-03-21T11:09:29","guid":{"rendered":"https:\/\/cryptrz.org\/wordpress\/?page_id=27952"},"modified":"2025-03-21T20:21:03","modified_gmt":"2025-03-21T18:21:03","slug":"politique-de-securite","status":"publish","type":"page","link":"https:\/\/cryptrz.org\/wordpress\/politique-de-securite\/","title":{"rendered":"Politique de s\u00e9curit\u00e9"},"content":{"rendered":"\n<h1 class=\"wp-block-heading\"><strong>Politique de S\u00e9curit\u00e9 &#8211; Cryptrz.org<\/strong><\/h1>\n\n\n\n<p>Bienvenue sur <strong>Cryptrz.org<\/strong> ! Ceci est un blog personnel o\u00f9 je partage mes r\u00e9flexions et exp\u00e9riences. Votre s\u00e9curit\u00e9 et votre confidentialit\u00e9 sont importantes pour moi, c&rsquo;est pourquoi j&rsquo;ai cr\u00e9\u00e9 cette page pour vous expliquer comment je g\u00e8re vos informations lorsque vous visitez mon site.<\/p>\n\n\n\n<h2 class=\"wp-block-heading\"><strong>1. Informations transmises<\/strong><\/h2>\n\n\n\n<p>Lorsque vous visitez <strong>Cryptrz.org<\/strong>, je peux voir certaines informations personnelles de la mani\u00e8re suivante :<\/p>\n\n\n\n<ul class=\"wp-block-list\">\n<li><strong>Commentaires<\/strong> : Si vous laissez un commentaire sur un article de blog, seront visibles publiquement votre nom, et le contenu de votre commentaire, ainsi que l&rsquo;dresse de votre site web si vous d\u00e9cidez d&rsquo;en ajouter une. Je peux \u00e9galement voir c\u00f4t\u00e9 admin votre adresse e-mail, qui pourra aussi \u00eatre utilis\u00e9e si vous activez la notification pour \u00eatre averti des nouveaux articles, et votre adresse IP. <\/li>\n\n\n\n<li><strong>Cookies<\/strong> : Si vous laissez un commentaire, le site utilise des cookies pour am\u00e9liorer votre exp\u00e9rience. Ces petits fichiers texte sont stock\u00e9s dans votre navigateur et permettent au site de se souvenir de vos pr\u00e9f\u00e9rences ou de savoir si vous avez d\u00e9j\u00e0 comment\u00e9 sur le site. Pas de commentaire, pas de cookie, aussi simple que \u00e7a.<\/li>\n<\/ul>\n\n\n\n<h2 class=\"wp-block-heading\"><strong>2. Comment j&rsquo;utilise vos informations<\/strong><\/h2>\n\n\n\n<p>Les informations que je collecte sont utilis\u00e9es pour :<\/p>\n\n\n\n<ul class=\"wp-block-list\">\n<li>Rien, je ne collecte pas d&rsquo;information autres que celles li\u00e9es aux commentaires que vous laissez.<\/li>\n<\/ul>\n\n\n\n<h2 class=\"wp-block-heading\"><strong>3. Mesures de s\u00e9curit\u00e9<\/strong><\/h2>\n\n\n\n<p>Bien que je fasse de mon mieux pour garantir la s\u00e9curit\u00e9 de vos donn\u00e9es, aucune plateforme en ligne ne peut \u00eatre 100% s\u00e9curis\u00e9e. Cela dit, je prends des pr\u00e9cautions pour prot\u00e9ger vos informations :<\/p>\n\n\n\n<ul class=\"wp-block-list\">\n<li><strong>S\u00e9curit\u00e9 du site web<\/strong> : J&rsquo;utilise le chiffrement SSL pour garantir que toutes les donn\u00e9es \u00e9chang\u00e9es entre vous et le site sont s\u00e9curis\u00e9es (recherchez le cadenas dans la barre d&rsquo;adresse du navigateur).<\/li>\n\n\n\n<li><strong>Protection contre les spams<\/strong> : J&rsquo;utilise des outils anti-spam comme Askimet pour filtrer les commentaires inappropri\u00e9s ou malveillants.<\/li>\n<\/ul>\n\n\n\n<h2 class=\"wp-block-heading\"><strong>4. Vos droits<\/strong><\/h2>\n\n\n\n<p>Vous avez le droit de :<\/p>\n\n\n\n<ul class=\"wp-block-list\">\n<li><strong>Demander une suppression<\/strong> : Si vous souhaitez supprimer un de vos commentaires, n&rsquo;h\u00e9sitez pas \u00e0 me contacter.<\/li>\n<\/ul>\n\n\n\n<h2 class=\"wp-block-heading\"><strong>5. Cookies et suivi<\/strong><\/h2>\n\n\n\n<p>Comme mentionn\u00e9, ce blog utilise des cookies si vous laissez un commentaire et que vous souhaitez que le site se souvienne de vous. Si vous pr\u00e9f\u00e9rez ne pas avoir de cookies stock\u00e9s sur votre appareil, vous pouvez les d\u00e9sactiver ou supprimer via les param\u00e8tres de votre navigateur.<\/p>\n\n\n\n<h2 class=\"wp-block-heading\"><strong>6. Mises \u00e0 jour de cette politique<\/strong><\/h2>\n\n\n\n<p>Il se peut que je mette \u00e0 jour cette politique de s\u00e9curit\u00e9 de temps en temps. Lorsque des changements sont apport\u00e9s, la politique mise \u00e0 jour sera publi\u00e9e ici avec une nouvelle date. Il est conseill\u00e9 de consulter p\u00e9riodiquement cette page pour \u00eatre inform\u00e9 de la mani\u00e8re dont je traite vos informations.<\/p>\n\n\n\n<h2 class=\"wp-block-heading\"><strong>7. Informations de contact<\/strong><\/h2>\n\n\n\n<p>Si vous avez des questions ou des pr\u00e9occupations concernant cette politique, n&rsquo;h\u00e9sitez pas \u00e0 me contacter :<\/p>\n\n\n\n<ul class=\"wp-block-list\">\n<li><strong>Email<\/strong> : contact@cryptrz.org<\/li>\n<\/ul>\n\n\n\n<hr class=\"wp-block-separator has-alpha-channel-opacity\"\/>\n\n\n\n<h3 class=\"wp-block-heading\"><strong>Derni\u00e8re mise \u00e0 jour<\/strong> : 21 mars 2025<\/h3>\n","protected":false},"excerpt":{"rendered":"<p>Politique de S\u00e9curit\u00e9 &#8211; Cryptrz.org Bienvenue sur Cryptrz.org ! Ceci est un blog personnel o\u00f9 je partage mes r\u00e9flexions et exp\u00e9riences. Votre s\u00e9curit\u00e9 et votre confidentialit\u00e9 sont importantes pour moi,<a href=\"https:\/\/cryptrz.org\/wordpress\/politique-de-securite\/\" class=\"more-link\"><span class=\"readmore\">Continue reading<span class=\"screen-reader-text\">Politique de s\u00e9curit\u00e9<\/span><\/span><\/a><\/p>\n","protected":false},"author":1,"featured_media":0,"parent":0,"menu_order":0,"comment_status":"closed","ping_status":"closed","template":"","meta":{"jetpack_post_was_ever_published":false,"footnotes":""},"class_list":["post-27952","page","type-page","status-publish","hentry"],"yoast_head":"<!-- This site is optimized with the Yoast SEO plugin v27.4 - https:\/\/yoast.com\/product\/yoast-seo-wordpress\/ -->\n<title>Politique de s\u00e9curit\u00e9 &#8226; Cryptrz<\/title>\n<meta name=\"robots\" content=\"index, follow, max-snippet:-1, max-image-preview:large, max-video-preview:-1\" \/>\n<link rel=\"canonical\" href=\"https:\/\/cryptrz.org\/wordpress\/politique-de-securite\/\" \/>\n<meta property=\"og:locale\" content=\"fr_FR\" \/>\n<meta property=\"og:type\" content=\"article\" \/>\n<meta property=\"og:title\" content=\"Politique de s\u00e9curit\u00e9 &#8226; Cryptrz\" \/>\n<meta property=\"og:description\" content=\"Politique de S\u00e9curit\u00e9 &#8211; Cryptrz.org Bienvenue sur Cryptrz.org ! Ceci est un blog personnel o\u00f9 je partage mes r\u00e9flexions et exp\u00e9riences. Votre s\u00e9curit\u00e9 et votre confidentialit\u00e9 sont importantes pour moi,Continue readingPolitique de s\u00e9curit\u00e9\" \/>\n<meta property=\"og:url\" content=\"https:\/\/cryptrz.org\/wordpress\/politique-de-securite\/\" \/>\n<meta property=\"og:site_name\" content=\"Cryptrz\" \/>\n<meta property=\"article:modified_time\" content=\"2025-03-21T18:21:03+00:00\" \/>\n<meta property=\"og:image\" content=\"https:\/\/cryptrz.org\/wordpress\/wp-content\/uploads\/2025\/05\/cryptrz-shield-logo-WIDE.png\" \/>\n\t<meta property=\"og:image:width\" content=\"1200\" \/>\n\t<meta property=\"og:image:height\" content=\"675\" \/>\n\t<meta property=\"og:image:type\" content=\"image\/png\" \/>\n<meta name=\"twitter:card\" content=\"summary_large_image\" \/>\n<meta name=\"twitter:label1\" content=\"Dur\u00e9e de lecture estim\u00e9e\" \/>\n\t<meta name=\"twitter:data1\" content=\"3 minutes\" \/>\n<script type=\"application\/ld+json\" class=\"yoast-schema-graph\">{\"@context\":\"https:\\\/\\\/schema.org\",\"@graph\":[{\"@type\":\"WebPage\",\"@id\":\"https:\\\/\\\/cryptrz.org\\\/wordpress\\\/politique-de-securite\\\/\",\"url\":\"https:\\\/\\\/cryptrz.org\\\/wordpress\\\/politique-de-securite\\\/\",\"name\":\"Politique de s\u00e9curit\u00e9 &#8226; Cryptrz\",\"isPartOf\":{\"@id\":\"https:\\\/\\\/cryptrz.org\\\/wordpress\\\/#website\"},\"datePublished\":\"2025-03-21T11:09:29+00:00\",\"dateModified\":\"2025-03-21T18:21:03+00:00\",\"breadcrumb\":{\"@id\":\"https:\\\/\\\/cryptrz.org\\\/wordpress\\\/politique-de-securite\\\/#breadcrumb\"},\"inLanguage\":\"fr-FR\",\"potentialAction\":[{\"@type\":\"ReadAction\",\"target\":[\"https:\\\/\\\/cryptrz.org\\\/wordpress\\\/politique-de-securite\\\/\"]}]},{\"@type\":\"BreadcrumbList\",\"@id\":\"https:\\\/\\\/cryptrz.org\\\/wordpress\\\/politique-de-securite\\\/#breadcrumb\",\"itemListElement\":[{\"@type\":\"ListItem\",\"position\":1,\"name\":\"Accueil\",\"item\":\"https:\\\/\\\/cryptrz.org\\\/wordpress\\\/\"},{\"@type\":\"ListItem\",\"position\":2,\"name\":\"Politique de s\u00e9curit\u00e9\"}]},{\"@type\":\"WebSite\",\"@id\":\"https:\\\/\\\/cryptrz.org\\\/wordpress\\\/#website\",\"url\":\"https:\\\/\\\/cryptrz.org\\\/wordpress\\\/\",\"name\":\"Cryptrz\",\"description\":\"Franck Ridel\",\"publisher\":{\"@id\":\"https:\\\/\\\/cryptrz.org\\\/wordpress\\\/#\\\/schema\\\/person\\\/24ebe8f2cc302fa3336ab7509a09b7ec\"},\"alternateName\":\"Franck Ridel\",\"potentialAction\":[{\"@type\":\"SearchAction\",\"target\":{\"@type\":\"EntryPoint\",\"urlTemplate\":\"https:\\\/\\\/cryptrz.org\\\/wordpress\\\/?s={search_term_string}\"},\"query-input\":{\"@type\":\"PropertyValueSpecification\",\"valueRequired\":true,\"valueName\":\"search_term_string\"}}],\"inLanguage\":\"fr-FR\"},{\"@type\":[\"Person\",\"Organization\"],\"@id\":\"https:\\\/\\\/cryptrz.org\\\/wordpress\\\/#\\\/schema\\\/person\\\/24ebe8f2cc302fa3336ab7509a09b7ec\",\"name\":\"cryptrz\",\"image\":{\"@type\":\"ImageObject\",\"inLanguage\":\"fr-FR\",\"@id\":\"https:\\\/\\\/cryptrz.org\\\/wordpress\\\/wp-content\\\/uploads\\\/2024\\\/09\\\/cover-design.jpg\",\"url\":\"https:\\\/\\\/cryptrz.org\\\/wordpress\\\/wp-content\\\/uploads\\\/2024\\\/09\\\/cover-design.jpg\",\"contentUrl\":\"https:\\\/\\\/cryptrz.org\\\/wordpress\\\/wp-content\\\/uploads\\\/2024\\\/09\\\/cover-design.jpg\",\"width\":1024,\"height\":1024,\"caption\":\"cryptrz\"},\"logo\":{\"@id\":\"https:\\\/\\\/cryptrz.org\\\/wordpress\\\/wp-content\\\/uploads\\\/2024\\\/09\\\/cover-design.jpg\"},\"description\":\"Sysadmin de Luxembourg House of Cybersecurity fan d'open source et autres Unixeries\",\"sameAs\":[\"https:\\\/\\\/cryptrz.org\\\/wordpress\",\"https:\\\/\\\/www.linkedin.com\\\/in\\\/franck-ridel\\\/\",\"https:\\\/\\\/www.youtube.com\\\/@FranckRidel\",\"https:\\\/\\\/soundcloud.com\\\/franck-ridel-2\"]}]}<\/script>\n<!-- \/ Yoast SEO plugin. -->","yoast_head_json":{"title":"Politique de s\u00e9curit\u00e9 &#8226; Cryptrz","robots":{"index":"index","follow":"follow","max-snippet":"max-snippet:-1","max-image-preview":"max-image-preview:large","max-video-preview":"max-video-preview:-1"},"canonical":"https:\/\/cryptrz.org\/wordpress\/politique-de-securite\/","og_locale":"fr_FR","og_type":"article","og_title":"Politique de s\u00e9curit\u00e9 &#8226; Cryptrz","og_description":"Politique de S\u00e9curit\u00e9 &#8211; Cryptrz.org Bienvenue sur Cryptrz.org ! Ceci est un blog personnel o\u00f9 je partage mes r\u00e9flexions et exp\u00e9riences. Votre s\u00e9curit\u00e9 et votre confidentialit\u00e9 sont importantes pour moi,Continue readingPolitique de s\u00e9curit\u00e9","og_url":"https:\/\/cryptrz.org\/wordpress\/politique-de-securite\/","og_site_name":"Cryptrz","article_modified_time":"2025-03-21T18:21:03+00:00","og_image":[{"width":1200,"height":675,"url":"https:\/\/cryptrz.org\/wordpress\/wp-content\/uploads\/2025\/05\/cryptrz-shield-logo-WIDE.png","type":"image\/png"}],"twitter_card":"summary_large_image","twitter_misc":{"Dur\u00e9e de lecture estim\u00e9e":"3 minutes"},"schema":{"@context":"https:\/\/schema.org","@graph":[{"@type":"WebPage","@id":"https:\/\/cryptrz.org\/wordpress\/politique-de-securite\/","url":"https:\/\/cryptrz.org\/wordpress\/politique-de-securite\/","name":"Politique de s\u00e9curit\u00e9 &#8226; Cryptrz","isPartOf":{"@id":"https:\/\/cryptrz.org\/wordpress\/#website"},"datePublished":"2025-03-21T11:09:29+00:00","dateModified":"2025-03-21T18:21:03+00:00","breadcrumb":{"@id":"https:\/\/cryptrz.org\/wordpress\/politique-de-securite\/#breadcrumb"},"inLanguage":"fr-FR","potentialAction":[{"@type":"ReadAction","target":["https:\/\/cryptrz.org\/wordpress\/politique-de-securite\/"]}]},{"@type":"BreadcrumbList","@id":"https:\/\/cryptrz.org\/wordpress\/politique-de-securite\/#breadcrumb","itemListElement":[{"@type":"ListItem","position":1,"name":"Accueil","item":"https:\/\/cryptrz.org\/wordpress\/"},{"@type":"ListItem","position":2,"name":"Politique de s\u00e9curit\u00e9"}]},{"@type":"WebSite","@id":"https:\/\/cryptrz.org\/wordpress\/#website","url":"https:\/\/cryptrz.org\/wordpress\/","name":"Cryptrz","description":"Franck Ridel","publisher":{"@id":"https:\/\/cryptrz.org\/wordpress\/#\/schema\/person\/24ebe8f2cc302fa3336ab7509a09b7ec"},"alternateName":"Franck Ridel","potentialAction":[{"@type":"SearchAction","target":{"@type":"EntryPoint","urlTemplate":"https:\/\/cryptrz.org\/wordpress\/?s={search_term_string}"},"query-input":{"@type":"PropertyValueSpecification","valueRequired":true,"valueName":"search_term_string"}}],"inLanguage":"fr-FR"},{"@type":["Person","Organization"],"@id":"https:\/\/cryptrz.org\/wordpress\/#\/schema\/person\/24ebe8f2cc302fa3336ab7509a09b7ec","name":"cryptrz","image":{"@type":"ImageObject","inLanguage":"fr-FR","@id":"https:\/\/cryptrz.org\/wordpress\/wp-content\/uploads\/2024\/09\/cover-design.jpg","url":"https:\/\/cryptrz.org\/wordpress\/wp-content\/uploads\/2024\/09\/cover-design.jpg","contentUrl":"https:\/\/cryptrz.org\/wordpress\/wp-content\/uploads\/2024\/09\/cover-design.jpg","width":1024,"height":1024,"caption":"cryptrz"},"logo":{"@id":"https:\/\/cryptrz.org\/wordpress\/wp-content\/uploads\/2024\/09\/cover-design.jpg"},"description":"Sysadmin de Luxembourg House of Cybersecurity fan d'open source et autres Unixeries","sameAs":["https:\/\/cryptrz.org\/wordpress","https:\/\/www.linkedin.com\/in\/franck-ridel\/","https:\/\/www.youtube.com\/@FranckRidel","https:\/\/soundcloud.com\/franck-ridel-2"]}]}},"jetpack_sharing_enabled":true,"jetpack_likes_enabled":true,"_links":{"self":[{"href":"https:\/\/cryptrz.org\/wordpress\/wp-json\/wp\/v2\/pages\/27952","targetHints":{"allow":["GET"]}}],"collection":[{"href":"https:\/\/cryptrz.org\/wordpress\/wp-json\/wp\/v2\/pages"}],"about":[{"href":"https:\/\/cryptrz.org\/wordpress\/wp-json\/wp\/v2\/types\/page"}],"author":[{"embeddable":true,"href":"https:\/\/cryptrz.org\/wordpress\/wp-json\/wp\/v2\/users\/1"}],"replies":[{"embeddable":true,"href":"https:\/\/cryptrz.org\/wordpress\/wp-json\/wp\/v2\/comments?post=27952"}],"version-history":[{"count":17,"href":"https:\/\/cryptrz.org\/wordpress\/wp-json\/wp\/v2\/pages\/27952\/revisions"}],"predecessor-version":[{"id":28009,"href":"https:\/\/cryptrz.org\/wordpress\/wp-json\/wp\/v2\/pages\/27952\/revisions\/28009"}],"wp:attachment":[{"href":"https:\/\/cryptrz.org\/wordpress\/wp-json\/wp\/v2\/media?parent=27952"}],"curies":[{"name":"wp","href":"https:\/\/api.w.org\/{rel}","templated":true}]}}